{"id":2685,"date":"2026-03-22T01:30:43","date_gmt":"2026-03-22T01:30:43","guid":{"rendered":"https:\/\/ideasalcubo.com.mx\/?page_id=2685"},"modified":"2026-03-28T06:14:50","modified_gmt":"2026-03-28T06:14:50","slug":"diseno-web-y-e-commerce","status":"publish","type":"page","link":"https:\/\/ideasalcubo.com.mx\/en\/creatividad-and-produccion-3\/diseno-web-y-e-commerce\/","title":{"rendered":"Dise\u00f1o Web y E-commerce"},"content":{"rendered":"<div class=\"wp-block-cover alignfull has-parallax\"><div class=\"wp-block-cover__image-background wp-image-2808 size-large has-parallax\" style=\"background-position:50% 50%;background-image:url(https:\/\/ideasalcubo.com.mx\/wp-content\/uploads\/2026\/03\/diseno-web-y-e-commerce-1024x572.webp)\"><\/div><span aria-hidden=\"true\" class=\"wp-block-cover__background has-ast-global-color-5-background-color has-background-dim-80 has-background-dim\"><\/span><div class=\"wp-block-cover__inner-container is-layout-constrained wp-block-cover-is-layout-constrained\">\n<div class=\"wp-block-uagb-advanced-heading uagb-block-753fad23\"><h2 class=\"uagb-heading-text\">Dise\u00f1o Web y E-commerce<\/h2><\/div>\n<\/div><\/div>\n\n\n\n<div style=\"height:100px\" aria-hidden=\"true\" class=\"wp-block-spacer\"><\/div>\n\n\n\n<div class=\"wp-block-uagb-container uagb-block-fde9a257 alignfull uagb-is-root-container\"><div class=\"uagb-container-inner-blocks-wrap\">\n<div class=\"wp-block-uagb-container uagb-block-950e49f7\">\n<div class=\"wp-block-uagb-advanced-heading uagb-block-c6d6526f\"><h2 class=\"uagb-heading-text\">Tu sucursal abierta las 24 horas<\/h2><\/div>\n\n\n\n<p class=\"has-medium-font-size\">Hoy en d\u00eda, tu sitio web es el centro de tu ecosistema digital; si no funciona correctamente, tu estrategia de marketing se detiene. En <strong>Ideas al Cubo<\/strong>, desarrollamos sitios web y tiendas en l\u00ednea que no solo son visualmente impactantes, sino que est\u00e1n t\u00e9cnicamente optimizados para convertir visitantes en clientes. Dise\u00f1amos experiencias de usuario fluidas, r\u00e1pidas y seguras.<\/p>\n\n\n\n<div class=\"wp-block-uagb-advanced-heading uagb-block-34b3a3e3\"><h2 class=\"uagb-heading-text\">El costo de una web ineficiente<\/h2><p class=\"uagb-desc-text\"><strong>Cada segundo de carga lento es una venta perdida.<\/strong><\/p><\/div>\n\n\n\n<p class=\"has-medium-font-size\">Un sitio web que no carga r\u00e1pido, que es dif\u00edcil de navegar en m\u00f3viles o que no transmite confianza, es un gasto, no una inversi\u00f3n. En un mundo donde el usuario decide en segundos, tu presencia digital debe ser impecable. Nosotros nos encargamos de que tu plataforma sea el activo m\u00e1s rentable de tu empresa.<\/p>\n<\/div>\n\n\n\n<div class=\"wp-block-uagb-container uagb-block-84ec0401\">\n<div class=\"wp-block-uagb-image uagb-block-9ab183d9 wp-block-uagb-image--layout-default wp-block-uagb-image--effect-static wp-block-uagb-image--align-none\"><figure class=\"wp-block-uagb-image__figure\"><img decoding=\"async\" srcset=\"https:\/\/ideasalcubo.com.mx\/wp-content\/uploads\/2025\/12\/Create-a-vertical-co-1-374x1024.png ,https:\/\/ideasalcubo.com.mx\/wp-content\/uploads\/2025\/12\/Create-a-vertical-co-1.png 780w, https:\/\/ideasalcubo.com.mx\/wp-content\/uploads\/2025\/12\/Create-a-vertical-co-1.png 360w\" sizes=\"auto, (max-width: 480px) 150px\" src=\"https:\/\/ideasalcubo.com.mx\/wp-content\/uploads\/2025\/12\/Create-a-vertical-co-1-374x1024.png\" alt=\"\" class=\"uag-image-2509\" width=\"374\" height=\"1024\" title=\"Create a vertical co\" loading=\"lazy\" role=\"img\"\/><\/figure><\/div>\n<\/div>\n<\/div><\/div>\n\n\n\n<div class=\"wp-block-uagb-advanced-heading uagb-block-1ec4edc8\"><h2 class=\"uagb-heading-text\">Especialistas en WordPress y WooCommerce<\/h2><p class=\"uagb-desc-text\">Utilizamos las tecnolog\u00edas l\u00edderes del mercado para darte control total y escalabilidad:<\/p><\/div>\n\n\n\n<div class=\"wp-block-uagb-container uagb-block-35a2e640 alignfull uagb-is-root-container\"><div class=\"uagb-container-inner-blocks-wrap\">\n<div class=\"wp-block-uagb-container uagb-block-3a64438f\">\n<div class=\"wp-block-uagb-info-box uagb-block-bb658f19 uagb-infobox__content-wrap  uagb-infobox-icon-above-title uagb-infobox-image-valign-top\"><div class=\"uagb-ifb-content\"><div class=\"uagb-ifb-image-content\"><img decoding=\"async\" src=\"https:\/\/ideasalcubo.com.mx\/wp-content\/uploads\/2026\/03\/diseno-ui-ux-150x150.webp\" alt=\"\" width=\"\" height=\"0\" loading=\"lazy\"\/><\/div><div class=\"uagb-ifb-title-wrap\"><h3 class=\"uagb-ifb-title\">Dise\u00f1o a Medida (UX\/UI)<\/h3><\/div><p class=\"uagb-ifb-desc\">No usamos plantillas gen\u00e9ricas. Estructuramos el dise\u00f1o pensando en el comportamiento de tu cliente ideal, facilitando la navegaci\u00f3n y el cierre de ventas.<\/p><\/div><\/div>\n<\/div>\n\n\n\n<div class=\"wp-block-uagb-container uagb-block-b3d0faf3\">\n<div class=\"wp-block-uagb-info-box uagb-block-d1a9d96e uagb-infobox__content-wrap  uagb-infobox-icon-above-title uagb-infobox-image-valign-top\"><div class=\"uagb-ifb-content\"><div class=\"uagb-ifb-image-content\"><img decoding=\"async\" src=\"https:\/\/ideasalcubo.com.mx\/wp-content\/uploads\/2026\/03\/e-commerce-ico-150x150.webp\" alt=\"\" width=\"\" height=\"0\" loading=\"lazy\"\/><\/div><div class=\"uagb-ifb-title-wrap\"><h3 class=\"uagb-ifb-title\">E-commerce de Alto Rendimiento<\/h3><\/div><p class=\"uagb-ifb-desc\">Configuramos tiendas en l\u00ednea con <strong>WooCommerce<\/strong>, optimizadas para gestionar inventarios, pasarelas de pago seguras y procesos de env\u00edo eficientes.<\/p><\/div><\/div>\n<\/div>\n\n\n\n<div class=\"wp-block-uagb-container uagb-block-3ee4e74c\">\n<div class=\"wp-block-uagb-info-box uagb-block-7980c9e1 uagb-infobox__content-wrap  uagb-infobox-icon-above-title uagb-infobox-image-valign-top\"><div class=\"uagb-ifb-content\"><div class=\"uagb-ifb-image-content\"><img decoding=\"async\" src=\"https:\/\/ideasalcubo.com.mx\/wp-content\/uploads\/2026\/03\/veolcimetro-ico-150x150.webp\" alt=\"\" width=\"\" height=\"0\" loading=\"lazy\"\/><\/div><div class=\"uagb-ifb-title-wrap\"><h3 class=\"uagb-ifb-title\">Optimizaci\u00f3n de Velocidad y SEO<\/h3><\/div><p class=\"uagb-ifb-desc\">Entregamos sitios ligeros y preparados para los buscadores. La infraestructura t\u00e9cnica est\u00e1 dise\u00f1ada para que Google ame tu sitio tanto como tus clientes.<\/p><\/div><\/div>\n<\/div>\n<\/div><\/div>\n\n\n\n<div class=\"wp-block-uagb-container uagb-block-be053471 alignfull uagb-is-root-container\"><div class=\"uagb-container-inner-blocks-wrap\">\n<div class=\"wp-block-uagb-container uagb-block-45410a13\">\n<div class=\"wp-block-uagb-image uagb-block-145d6db7 wp-block-uagb-image--layout-default wp-block-uagb-image--effect-static wp-block-uagb-image--align-none\"><figure class=\"wp-block-uagb-image__figure\"><img decoding=\"async\" srcset=\"https:\/\/ideasalcubo.com.mx\/wp-content\/uploads\/2025\/12\/887398b9-b0b7-474b-a457-1fcfd9db3a88.png ,https:\/\/ideasalcubo.com.mx\/wp-content\/uploads\/2025\/12\/887398b9-b0b7-474b-a457-1fcfd9db3a88.png 780w, https:\/\/ideasalcubo.com.mx\/wp-content\/uploads\/2025\/12\/887398b9-b0b7-474b-a457-1fcfd9db3a88.png 360w\" sizes=\"auto, (max-width: 480px) 150px\" src=\"https:\/\/ideasalcubo.com.mx\/wp-content\/uploads\/2025\/12\/887398b9-b0b7-474b-a457-1fcfd9db3a88.png\" alt=\"\" class=\"uag-image-2511\" width=\"176\" height=\"645\" title=\"887398b9-b0b7-474b-a457-1fcfd9db3a88\" loading=\"lazy\" role=\"img\"\/><\/figure><\/div>\n<\/div>\n\n\n\n<div class=\"wp-block-uagb-container uagb-block-a092d785\">\n<div class=\"wp-block-uagb-advanced-heading uagb-block-5dbd3b84\"><h2 class=\"uagb-heading-text\">\u00bfQu\u00e9 incluye tu proyecto web?<\/h2><p class=\"uagb-desc-text\">Entregamos una soluci\u00f3n &#8220;llave en mano&#8221;, lista para operar:<\/p><\/div>\n\n\n\n<ul class=\"wp-block-list\">\n<li><strong>Dise\u00f1o 100% Responsivo:<\/strong> Tu sitio se ver\u00e1 perfecto en celulares, tablets y computadoras.<\/li>\n\n\n\n<li><strong>Gesti\u00f3n de Cat\u00e1logos y Pagos:<\/strong> Configuraci\u00f3n de m\u00e9todos de pago locales e internacionales y sistemas de carrito de compra.<\/li>\n\n\n\n<li><strong>Seguridad y Certificados SSL:<\/strong> Protegemos los datos de tus clientes y la integridad de tu sitio contra amenazas externas.<\/li>\n\n\n\n<li><strong>Autogesti\u00f3n:<\/strong> Te capacitamos para que puedas actualizar productos, precios o blogs sin depender de nosotros para cambios b\u00e1sicos.<\/li>\n<\/ul>\n\n\n\n<div class=\"wp-block-uagb-advanced-heading uagb-block-f18b8e6c\"><h2 class=\"uagb-heading-text\">El Beneficio Real<\/h2><p class=\"uagb-desc-text\"><strong>Un canal de ventas autom\u00e1tico y escalable<\/strong>.<\/p><\/div>\n\n\n\n<p class=\"has-medium-font-size\">Tener un sitio web profesional eleva instant\u00e1neamente la percepci\u00f3n de valor de tu marca. Con una estructura web s\u00f3lida, reduces la fricci\u00f3n en el proceso de compra y permites que tu negocio crezca sin las limitaciones de un espacio f\u00edsico, alcanzando a clientes en cualquier lugar y momento.<\/p>\n\n\n\n<div class=\"wp-block-uagb-call-to-action uagb-block-2c30864e wp-block-button\"><div class=\"uagb-cta__wrap\"><h3 class=\"uagb-cta__title\"><strong>Es momento de que tu negocio no tenga fronteras.<\/strong><\/h3><p class=\"uagb-cta__desc\">Convierte tu visi\u00f3n en una plataforma digital de alto rendimiento. Construyamos la web que tu empresa necesita.<\/p><\/div><div class=\"uagb-cta__buttons\"><a href=\"https:\/\/ideasalcubo.com.mx\/contacto\/\" class=\"uagb-cta__button-link-wrapper wp-block-button__link\" target=\"_self\" rel=\"noopener noreferrer\">Cotizar mi Proyecto Web<svg xmlns=\"https:\/\/www.w3.org\/2000\/svg\" viewbox=\"0 0 512 512\"><path d=\"M504.3 273.6l-112.1 104c-6.992 6.484-17.18 8.218-25.94 4.406c-8.758-3.812-14.42-12.45-14.42-21.1L351.9 288H32C14.33 288 .0002 273.7 .0002 255.1S14.33 224 32 224h319.9l0-72c0-9.547 5.66-18.19 14.42-22c8.754-3.809 18.95-2.075 25.94 4.41l112.1 104C514.6 247.9 514.6 264.1 504.3 273.6z\"><\/path><\/svg><\/a><\/div><\/div>\n<\/div>\n<\/div><\/div>\n\n\n\n<p><\/p>","protected":false},"excerpt":{"rendered":"<p>Tu sucursal abierta las 24 horas Hoy en d\u00eda, tu sitio web es el centro de tu ecosistema digital; si [&hellip;]<\/p>\n","protected":false},"author":1,"featured_media":0,"parent":1969,"menu_order":0,"comment_status":"closed","ping_status":"closed","template":"","meta":{"content-type":"","_uag_custom_page_level_css":"","site-sidebar-layout":"default","site-content-layout":"","ast-site-content-layout":"default","site-content-style":"default","site-sidebar-style":"default","ast-global-header-display":"","ast-banner-title-visibility":"","ast-main-header-display":"","ast-hfb-above-header-display":"","ast-hfb-below-header-display":"","ast-hfb-mobile-header-display":"","site-post-title":"disabled","ast-breadcrumbs-content":"","ast-featured-img":"","footer-sml-layout":"","ast-disable-related-posts":"","theme-transparent-header-meta":"","adv-header-id-meta":"","stick-header-meta":"","header-above-stick-meta":"","header-main-stick-meta":"","header-below-stick-meta":"","astra-migrate-meta-layouts":"set","ast-page-background-enabled":"default","ast-page-background-meta":{"desktop":{"background-color":"var(--ast-global-color-4)","background-image":"","background-repeat":"repeat","background-position":"center center","background-size":"auto","background-attachment":"scroll","background-type":"","background-media":"","overlay-type":"","overlay-color":"","overlay-opacity":"","overlay-gradient":""},"tablet":{"background-color":"","background-image":"","background-repeat":"repeat","background-position":"center center","background-size":"auto","background-attachment":"scroll","background-type":"","background-media":"","overlay-type":"","overlay-color":"","overlay-opacity":"","overlay-gradient":""},"mobile":{"background-color":"","background-image":"","background-repeat":"repeat","background-position":"center center","background-size":"auto","background-attachment":"scroll","background-type":"","background-media":"","overlay-type":"","overlay-color":"","overlay-opacity":"","overlay-gradient":""}},"ast-content-background-meta":{"desktop":{"background-color":"var(--ast-global-color-5)","background-image":"","background-repeat":"repeat","background-position":"center center","background-size":"auto","background-attachment":"scroll","background-type":"","background-media":"","overlay-type":"","overlay-color":"","overlay-opacity":"","overlay-gradient":""},"tablet":{"background-color":"var(--ast-global-color-5)","background-image":"","background-repeat":"repeat","background-position":"center center","background-size":"auto","background-attachment":"scroll","background-type":"","background-media":"","overlay-type":"","overlay-color":"","overlay-opacity":"","overlay-gradient":""},"mobile":{"background-color":"var(--ast-global-color-5)","background-image":"","background-repeat":"repeat","background-position":"center center","background-size":"auto","background-attachment":"scroll","background-type":"","background-media":"","overlay-type":"","overlay-color":"","overlay-opacity":"","overlay-gradient":""}},"footnotes":""},"class_list":["post-2685","page","type-page","status-publish","hentry"],"aioseo_notices":[],"_hostinger_reach_plugin_has_subscription_block":false,"_hostinger_reach_plugin_is_elementor":false,"uagb_featured_image_src":{"full":false,"thumbnail":false,"medium":false,"medium_large":false,"large":false,"1536x1536":false,"2048x2048":false,"trp-custom-language-flag":false},"uagb_author_info":{"display_name":"yairvaldo14@gmail.com","author_link":"https:\/\/ideasalcubo.com.mx\/en\/author\/yairvaldo14gmail-com\/"},"uagb_comment_info":0,"uagb_excerpt":"Tu sucursal abierta las 24 horas Hoy en d\u00eda, tu sitio web es el centro de tu ecosistema digital; si [&hellip;]","_links":{"self":[{"href":"https:\/\/ideasalcubo.com.mx\/en\/wp-json\/wp\/v2\/pages\/2685","targetHints":{"allow":["GET"]}}],"collection":[{"href":"https:\/\/ideasalcubo.com.mx\/en\/wp-json\/wp\/v2\/pages"}],"about":[{"href":"https:\/\/ideasalcubo.com.mx\/en\/wp-json\/wp\/v2\/types\/page"}],"author":[{"embeddable":true,"href":"https:\/\/ideasalcubo.com.mx\/en\/wp-json\/wp\/v2\/users\/1"}],"replies":[{"embeddable":true,"href":"https:\/\/ideasalcubo.com.mx\/en\/wp-json\/wp\/v2\/comments?post=2685"}],"version-history":[{"count":5,"href":"https:\/\/ideasalcubo.com.mx\/en\/wp-json\/wp\/v2\/pages\/2685\/revisions"}],"predecessor-version":[{"id":2985,"href":"https:\/\/ideasalcubo.com.mx\/en\/wp-json\/wp\/v2\/pages\/2685\/revisions\/2985"}],"up":[{"embeddable":true,"href":"https:\/\/ideasalcubo.com.mx\/en\/wp-json\/wp\/v2\/pages\/1969"}],"wp:attachment":[{"href":"https:\/\/ideasalcubo.com.mx\/en\/wp-json\/wp\/v2\/media?parent=2685"}],"curies":[{"name":"wp","href":"https:\/\/api.w.org\/{rel}","templated":true}]}}