{"id":2683,"date":"2026-03-22T01:24:39","date_gmt":"2026-03-22T01:24:39","guid":{"rendered":"https:\/\/ideasalcubo.com.mx\/?page_id=2683"},"modified":"2026-04-06T02:16:20","modified_gmt":"2026-04-06T08:16:20","slug":"diseno-de-logotipos-e-identidad-de-marca","status":"publish","type":"page","link":"https:\/\/ideasalcubo.com.mx\/en\/creatividad-and-produccion-3\/diseno-de-logotipos-e-identidad-de-marca\/","title":{"rendered":"Dise\u00f1o de Logotipos e Identidad de Marca"},"content":{"rendered":"<div class=\"wp-block-cover alignfull has-parallax\"><div class=\"wp-block-cover__image-background wp-image-2802 size-large has-parallax\" style=\"background-position:50% 50%;background-image:url(https:\/\/ideasalcubo.com.mx\/wp-content\/uploads\/2026\/03\/Diseno-de-Logotipos-e-Identidad-de-Marca-1024x572.webp)\"><\/div><span aria-hidden=\"true\" class=\"wp-block-cover__background has-ast-global-color-5-background-color has-background-dim-80 has-background-dim\"><\/span><div class=\"wp-block-cover__inner-container is-layout-constrained wp-block-cover-is-layout-constrained\">\n<div class=\"wp-block-uagb-advanced-heading uagb-block-312c332a\"><h2 class=\"uagb-heading-text\">Dise\u00f1o de Logotipos e Identidad de Marca<\/h2><\/div>\n<\/div><\/div>\n\n\n\n<div class=\"wp-block-uagb-container uagb-block-cb13362b alignfull uagb-is-root-container\"><div class=\"uagb-container-inner-blocks-wrap\">\n<div class=\"wp-block-uagb-container uagb-block-01a907df\">\n<div class=\"wp-block-uagb-advanced-heading uagb-block-c92a2f9d\"><h3 class=\"uagb-heading-text\">La cara de tu estrategia.<\/h3><\/div>\n\n\n\n<p class=\"has-medium-font-size\">Un logotipo es solo la punta del iceberg. Una verdadera identidad de marca es un sistema visual dise\u00f1ado para comunicar valores, generar confianza y ser reconocido al instante. En <strong>Ideas al Cubo<\/strong>, creamos marcas que no solo se ven bien, sino que est\u00e1n construidas bajo principios de dise\u00f1o perdurables, minimalismo estrat\u00e9gico y coherencia visual para el mundo digital y f\u00edsico.<\/p>\n\n\n\n<div class=\"wp-block-uagb-advanced-heading uagb-block-d86009ed\"><h3 class=\"uagb-heading-text\">M\u00e1s que un dibujo, un activo comercial<\/h3><p class=\"uagb-desc-text\"><strong>Tu marca tiene menos de 3 segundos para causar una impresi\u00f3n.<\/strong><\/p><\/div>\n\n\n\n<p class=\"has-medium-font-size\">En un mercado saturado, la improvisaci\u00f3n visual sale cara. Si tu identidad se ve gen\u00e9rica o desactualizada, tus clientes potenciales asumir\u00e1n que tu servicio tambi\u00e9n lo es. Nosotros transformamos la esencia de tu negocio en una identidad visual potente que justifica tu posicionamiento y te diferencia de la competencia.<\/p>\n<\/div>\n\n\n\n<div class=\"wp-block-uagb-container uagb-block-1c09ef97\">\t\t\t\t\t<div\n\t\t\t\t\t\tclass=\"wp-block-uagb-image-gallery uagb-block-f3d2b8e6\"\n\t\t\t\t\t\tstyle=\"\"\n\t\t\t\t\t>\n\t\t\t\t\t\t\t\t\t\t\t<div class=\"spectra-image-gallery spectra-image-gallery__layout--carousel\">\n\t\t\t\t\t\t\t\t<div class=\"uagb-slick-carousel uagb-block-f3d2b8e6\">\n\t\t\t\t\t\t\t\t\t\t\t\t<div class='spectra-image-gallery__media-wrapper' data-spectra-gallery-image-id='3147'>\n\t\t\t\t\t\t\t<div class=\"spectra-image-gallery__media spectra-image-gallery__media--carousel\">\n\t\t\t\t<picture>\n\t\t\t\t\t<source media=\"(min-width: 1024px)\" srcset=\"https:\/\/ideasalcubo.com.mx\/wp-content\/uploads\/2026\/04\/ArteMiniaturaLogofullwhite.png\">\n\t\t\t\t\t<source media=\"(min-width: 768px)\" srcset=\"https:\/\/ideasalcubo.com.mx\/wp-content\/uploads\/2026\/04\/ArteMiniaturaLogofullwhite-1024x1024.png\">\n\t\t\t\t\t<img decoding=\"async\" class=\"spectra-image-gallery__media-thumbnail spectra-image-gallery__media-thumbnail--carousel\" src=\"https:\/\/ideasalcubo.com.mx\/wp-content\/uploads\/2026\/04\/ArteMiniaturaLogofullwhite-300x300.png\" alt=\"\" loading=\"lazy\" \/>\n\t\t\t\t<\/picture>\n\t\t\t\t<div class=\"spectra-image-gallery__media-thumbnail-blurrer\"><\/div>\n\t\t\t\t\t\t\t\t\t\t\t<div class=\"spectra-image-gallery__media-thumbnail-caption-wrapper spectra-image-gallery__media-thumbnail-caption-wrapper--overlay\"><\/div>\n\t\t\t\t\t\t\t\t<\/div>\n\t\t\t\t\t\t<\/div>\n\t\t\t\t\t\t<div class='spectra-image-gallery__media-wrapper' data-spectra-gallery-image-id='3148'>\n\t\t\t\t\t\t\t<div class=\"spectra-image-gallery__media spectra-image-gallery__media--carousel\">\n\t\t\t\t<picture>\n\t\t\t\t\t<source media=\"(min-width: 1024px)\" srcset=\"https:\/\/ideasalcubo.com.mx\/wp-content\/uploads\/2026\/04\/IAC-Integracion3.png\">\n\t\t\t\t\t<source media=\"(min-width: 768px)\" srcset=\"https:\/\/ideasalcubo.com.mx\/wp-content\/uploads\/2026\/04\/IAC-Integracion3-1024x1024.png\">\n\t\t\t\t\t<img decoding=\"async\" class=\"spectra-image-gallery__media-thumbnail spectra-image-gallery__media-thumbnail--carousel\" src=\"https:\/\/ideasalcubo.com.mx\/wp-content\/uploads\/2026\/04\/IAC-Integracion3-300x300.png\" alt=\"\" loading=\"lazy\" \/>\n\t\t\t\t<\/picture>\n\t\t\t\t<div class=\"spectra-image-gallery__media-thumbnail-blurrer\"><\/div>\n\t\t\t\t\t\t\t\t\t\t\t<div class=\"spectra-image-gallery__media-thumbnail-caption-wrapper spectra-image-gallery__media-thumbnail-caption-wrapper--overlay\"><\/div>\n\t\t\t\t\t\t\t\t<\/div>\n\t\t\t\t\t\t<\/div>\n\t\t\t\t\t\t<div class='spectra-image-gallery__media-wrapper' data-spectra-gallery-image-id='3149'>\n\t\t\t\t\t\t\t<div class=\"spectra-image-gallery__media spectra-image-gallery__media--carousel\">\n\t\t\t\t<picture>\n\t\t\t\t\t<source media=\"(min-width: 1024px)\" srcset=\"https:\/\/ideasalcubo.com.mx\/wp-content\/uploads\/2026\/04\/IAC-IntegracionHorizontal3.png\">\n\t\t\t\t\t<source media=\"(min-width: 768px)\" srcset=\"https:\/\/ideasalcubo.com.mx\/wp-content\/uploads\/2026\/04\/IAC-IntegracionHorizontal3-1024x410.png\">\n\t\t\t\t\t<img decoding=\"async\" class=\"spectra-image-gallery__media-thumbnail spectra-image-gallery__media-thumbnail--carousel\" src=\"https:\/\/ideasalcubo.com.mx\/wp-content\/uploads\/2026\/04\/IAC-IntegracionHorizontal3-300x120.png\" alt=\"\" loading=\"lazy\" \/>\n\t\t\t\t<\/picture>\n\t\t\t\t<div class=\"spectra-image-gallery__media-thumbnail-blurrer\"><\/div>\n\t\t\t\t\t\t\t\t\t\t\t<div class=\"spectra-image-gallery__media-thumbnail-caption-wrapper spectra-image-gallery__media-thumbnail-caption-wrapper--overlay\"><\/div>\n\t\t\t\t\t\t\t\t<\/div>\n\t\t\t\t\t\t<\/div>\n\t\t\t\t\t\t<div class='spectra-image-gallery__media-wrapper' data-spectra-gallery-image-id='3150'>\n\t\t\t\t\t\t\t<div class=\"spectra-image-gallery__media spectra-image-gallery__media--carousel\">\n\t\t\t\t<picture>\n\t\t\t\t\t<source media=\"(min-width: 1024px)\" srcset=\"https:\/\/ideasalcubo.com.mx\/wp-content\/uploads\/2026\/04\/IAC-SoloLogo2.png\">\n\t\t\t\t\t<source media=\"(min-width: 768px)\" srcset=\"https:\/\/ideasalcubo.com.mx\/wp-content\/uploads\/2026\/04\/IAC-SoloLogo2-887x1024.png\">\n\t\t\t\t\t<img decoding=\"async\" class=\"spectra-image-gallery__media-thumbnail spectra-image-gallery__media-thumbnail--carousel\" src=\"https:\/\/ideasalcubo.com.mx\/wp-content\/uploads\/2026\/04\/IAC-SoloLogo2-260x300.png\" alt=\"\" loading=\"lazy\" \/>\n\t\t\t\t<\/picture>\n\t\t\t\t<div class=\"spectra-image-gallery__media-thumbnail-blurrer\"><\/div>\n\t\t\t\t\t\t\t\t\t\t\t<div class=\"spectra-image-gallery__media-thumbnail-caption-wrapper spectra-image-gallery__media-thumbnail-caption-wrapper--overlay\"><\/div>\n\t\t\t\t\t\t\t\t<\/div>\n\t\t\t\t\t\t<\/div>\n\t\t\t\t\t\t<div class='spectra-image-gallery__media-wrapper' data-spectra-gallery-image-id='3151'>\n\t\t\t\t\t\t\t<div class=\"spectra-image-gallery__media spectra-image-gallery__media--carousel\">\n\t\t\t\t<picture>\n\t\t\t\t\t<source media=\"(min-width: 1024px)\" srcset=\"https:\/\/ideasalcubo.com.mx\/wp-content\/uploads\/2026\/04\/mewlogowhite.png\">\n\t\t\t\t\t<source media=\"(min-width: 768px)\" srcset=\"https:\/\/ideasalcubo.com.mx\/wp-content\/uploads\/2026\/04\/mewlogowhite.png\">\n\t\t\t\t\t<img decoding=\"async\" class=\"spectra-image-gallery__media-thumbnail spectra-image-gallery__media-thumbnail--carousel\" src=\"https:\/\/ideasalcubo.com.mx\/wp-content\/uploads\/2026\/04\/mewlogowhite-300x170.png\" alt=\"\" loading=\"lazy\" \/>\n\t\t\t\t<\/picture>\n\t\t\t\t<div class=\"spectra-image-gallery__media-thumbnail-blurrer\"><\/div>\n\t\t\t\t\t\t\t\t\t\t\t<div class=\"spectra-image-gallery__media-thumbnail-caption-wrapper spectra-image-gallery__media-thumbnail-caption-wrapper--overlay\"><\/div>\n\t\t\t\t\t\t\t\t<\/div>\n\t\t\t\t\t\t<\/div>\n\t\t\t\t\t\t<div class='spectra-image-gallery__media-wrapper' data-spectra-gallery-image-id='3152'>\n\t\t\t\t\t\t\t<div class=\"spectra-image-gallery__media spectra-image-gallery__media--carousel\">\n\t\t\t\t<picture>\n\t\t\t\t\t<source media=\"(min-width: 1024px)\" srcset=\"https:\/\/ideasalcubo.com.mx\/wp-content\/uploads\/2026\/04\/MFI-LogoSimpleLine-white.png\">\n\t\t\t\t\t<source media=\"(min-width: 768px)\" srcset=\"https:\/\/ideasalcubo.com.mx\/wp-content\/uploads\/2026\/04\/MFI-LogoSimpleLine-white-1024x989.png\">\n\t\t\t\t\t<img decoding=\"async\" class=\"spectra-image-gallery__media-thumbnail spectra-image-gallery__media-thumbnail--carousel\" src=\"https:\/\/ideasalcubo.com.mx\/wp-content\/uploads\/2026\/04\/MFI-LogoSimpleLine-white-300x290.png\" alt=\"\" loading=\"lazy\" \/>\n\t\t\t\t<\/picture>\n\t\t\t\t<div class=\"spectra-image-gallery__media-thumbnail-blurrer\"><\/div>\n\t\t\t\t\t\t\t\t\t\t\t<div class=\"spectra-image-gallery__media-thumbnail-caption-wrapper spectra-image-gallery__media-thumbnail-caption-wrapper--overlay\"><\/div>\n\t\t\t\t\t\t\t\t<\/div>\n\t\t\t\t\t\t<\/div>\n\t\t\t\t\t\t<div class='spectra-image-gallery__media-wrapper' data-spectra-gallery-image-id='3153'>\n\t\t\t\t\t\t\t<div class=\"spectra-image-gallery__media spectra-image-gallery__media--carousel\">\n\t\t\t\t<picture>\n\t\t\t\t\t<source media=\"(min-width: 1024px)\" srcset=\"https:\/\/ideasalcubo.com.mx\/wp-content\/uploads\/2026\/04\/sealwhite.png\">\n\t\t\t\t\t<source media=\"(min-width: 768px)\" srcset=\"https:\/\/ideasalcubo.com.mx\/wp-content\/uploads\/2026\/04\/sealwhite.png\">\n\t\t\t\t\t<img decoding=\"async\" class=\"spectra-image-gallery__media-thumbnail spectra-image-gallery__media-thumbnail--carousel\" src=\"https:\/\/ideasalcubo.com.mx\/wp-content\/uploads\/2026\/04\/sealwhite-300x300.png\" alt=\"\" loading=\"lazy\" \/>\n\t\t\t\t<\/picture>\n\t\t\t\t<div class=\"spectra-image-gallery__media-thumbnail-blurrer\"><\/div>\n\t\t\t\t\t\t\t\t\t\t\t<div class=\"spectra-image-gallery__media-thumbnail-caption-wrapper spectra-image-gallery__media-thumbnail-caption-wrapper--overlay\"><\/div>\n\t\t\t\t\t\t\t\t<\/div>\n\t\t\t\t\t\t<\/div>\n\t\t\t\t\t\t<div class='spectra-image-gallery__media-wrapper' data-spectra-gallery-image-id='3154'>\n\t\t\t\t\t\t\t<div class=\"spectra-image-gallery__media spectra-image-gallery__media--carousel\">\n\t\t\t\t<picture>\n\t\t\t\t\t<source media=\"(min-width: 1024px)\" srcset=\"https:\/\/ideasalcubo.com.mx\/wp-content\/uploads\/2026\/04\/yairlogoedit-white.png\">\n\t\t\t\t\t<source media=\"(min-width: 768px)\" srcset=\"https:\/\/ideasalcubo.com.mx\/wp-content\/uploads\/2026\/04\/yairlogoedit-white-1024x1024.png\">\n\t\t\t\t\t<img decoding=\"async\" class=\"spectra-image-gallery__media-thumbnail spectra-image-gallery__media-thumbnail--carousel\" src=\"https:\/\/ideasalcubo.com.mx\/wp-content\/uploads\/2026\/04\/yairlogoedit-white-300x300.png\" alt=\"\" loading=\"lazy\" \/>\n\t\t\t\t<\/picture>\n\t\t\t\t<div class=\"spectra-image-gallery__media-thumbnail-blurrer\"><\/div>\n\t\t\t\t\t\t\t\t\t\t\t<div class=\"spectra-image-gallery__media-thumbnail-caption-wrapper spectra-image-gallery__media-thumbnail-caption-wrapper--overlay\"><\/div>\n\t\t\t\t\t\t\t\t<\/div>\n\t\t\t\t\t\t<\/div>\n\t\t\t\t\t\t\t\t\t\t\t<\/div>\n\t\t\t\t\t\t\t<\/div>\n\t\t\t\t\t\t\t\t\t\t\t<\/div>\n\t\t\t\t\t\t\t\t\t<\/div>\n<\/div><\/div>\n\n\n\n<div class=\"wp-block-uagb-advanced-heading uagb-block-767c2165\"><h2 class=\"uagb-heading-text\">Nuestro Enfoque de Dise\u00f1o<\/h2><p class=\"uagb-desc-text\">No seguimos modas pasajeras; aplicamos un proceso de dise\u00f1o basado en la funcionalidad:<\/p><\/div>\n\n\n\n<div class=\"wp-block-uagb-container uagb-block-12083e11 alignfull uagb-is-root-container\"><div class=\"uagb-container-inner-blocks-wrap\">\n<div class=\"wp-block-uagb-container uagb-block-06c970a2\">\n<div class=\"wp-block-uagb-info-box uagb-block-8cdff5a7 uagb-infobox__content-wrap  uagb-infobox-icon-above-title uagb-infobox-image-valign-top\"><div class=\"uagb-ifb-content\"><div class=\"uagb-ifb-image-content\"><img decoding=\"async\" src=\"https:\/\/ideasalcubo.com.mx\/wp-content\/uploads\/2026\/03\/minimalismo-ico-150x150.webp\" alt=\"\" width=\"\" height=\"0\" loading=\"lazy\"\/><\/div><div class=\"uagb-ifb-title-wrap\"><h3 class=\"uagb-ifb-title\"><strong>Minimalismo y Claridad<\/strong><\/h3><\/div><p class=\"uagb-ifb-desc\">Creemos en la simplicidad sofisticada. Dise\u00f1amos marcas limpias que funcionan perfectamente tanto en el peque\u00f1o icono de un celular como en un espectacular de gran formato.<\/p><\/div><\/div>\n<\/div>\n\n\n\n<div class=\"wp-block-uagb-container uagb-block-a1e26628\">\n<div class=\"wp-block-uagb-info-box uagb-block-636044e5 uagb-infobox__content-wrap  uagb-infobox-icon-above-title uagb-infobox-image-valign-top\"><div class=\"uagb-ifb-content\"><div class=\"uagb-ifb-image-content\"><img decoding=\"async\" src=\"https:\/\/ideasalcubo.com.mx\/wp-content\/uploads\/2026\/03\/unidad-ico-150x150.webp\" alt=\"\" width=\"\" height=\"0\" loading=\"lazy\"\/><\/div><div class=\"uagb-ifb-title-wrap\"><h3 class=\"uagb-ifb-title\"><strong>Sistemas Visuales Coherentes<\/strong><\/h3><\/div><p class=\"uagb-ifb-desc\"> Definimos una paleta de colores, tipograf\u00edas y texturas que crean un universo propio. Desde el uso de transparencias hasta acentos crom\u00e1ticos estrat\u00e9gicos.<\/p><\/div><\/div>\n<\/div>\n\n\n\n<div class=\"wp-block-uagb-container uagb-block-53c00b42\">\n<div class=\"wp-block-uagb-info-box uagb-block-e3b92e1a uagb-infobox__content-wrap  uagb-infobox-icon-above-title uagb-infobox-image-valign-top\"><div class=\"uagb-ifb-content\"><div class=\"uagb-ifb-image-content\"><img decoding=\"async\" src=\"https:\/\/ideasalcubo.com.mx\/wp-content\/uploads\/2026\/03\/multi-porposes-150x150.webp\" alt=\"\" width=\"\" height=\"0\" loading=\"lazy\"\/><\/div><div class=\"uagb-ifb-title-wrap\"><h3 class=\"uagb-ifb-title\"><strong>Versatilidad T\u00e9cnica<\/strong><\/h3><\/div><p class=\"uagb-ifb-desc\">Entregamos archivos preparados para cualquier uso: web, redes sociales, bordados, grabado l\u00e1ser o impresi\u00f3n offset. Una marca de Ideas al Cubo nunca se pixela.<\/p><\/div><\/div>\n<\/div>\n<\/div><\/div>\n\n\n\n<div class=\"wp-block-uagb-container uagb-block-56f78b1b alignfull uagb-is-root-container\"><div class=\"uagb-container-inner-blocks-wrap\">\n<div class=\"wp-block-uagb-container uagb-block-df1c7bed\">\n<div class=\"wp-block-uagb-image uagb-block-3c8b3a70 wp-block-uagb-image--layout-default wp-block-uagb-image--effect-static wp-block-uagb-image--align-none\"><figure class=\"wp-block-uagb-image__figure\"><img decoding=\"async\" srcset=\"https:\/\/ideasalcubo.com.mx\/wp-content\/uploads\/2025\/12\/Create-a-vertical-co-1-374x1024.png ,https:\/\/ideasalcubo.com.mx\/wp-content\/uploads\/2025\/12\/Create-a-vertical-co-1.png 780w, https:\/\/ideasalcubo.com.mx\/wp-content\/uploads\/2025\/12\/Create-a-vertical-co-1.png 360w\" sizes=\"auto, (max-width: 480px) 150px\" src=\"https:\/\/ideasalcubo.com.mx\/wp-content\/uploads\/2025\/12\/Create-a-vertical-co-1-374x1024.png\" alt=\"\" class=\"uag-image-2509\" width=\"374\" height=\"1024\" title=\"Create a vertical co\" loading=\"lazy\" role=\"img\"\/><\/figure><\/div>\n<\/div>\n\n\n\n<div class=\"wp-block-uagb-container uagb-block-7ea63040\">\n<div class=\"wp-block-uagb-advanced-heading uagb-block-e20f3870\"><h2 class=\"uagb-heading-text\">\u00bfQu\u00e9 incluye el Manual de Identidad?<\/h2><p class=\"uagb-desc-text\">No solo te entregamos un archivo, te entregamos las reglas del juego:<\/p><\/div>\n\n\n\n<ul class=\"wp-block-list\">\n<li><strong>Logotipo y Variaciones:<\/strong> Versiones principales, secundarias y formatos para fondos oscuros o claros.<\/li>\n\n\n\n<li><strong>Paleta Crom\u00e1tica y Tipogr\u00e1fica:<\/strong> C\u00f3digos exactos (HEX, RGB, CMYK) y fuentes que mantienen la personalidad de tu marca.<\/li>\n\n\n\n<li><strong>Gu\u00eda de Uso y Aplicaciones:<\/strong> Ejemplos de c\u00f3mo usar (y c\u00f3mo no usar) tu marca para evitar que pierda fuerza visual con el tiempo.<\/li>\n\n\n\n<li><strong>Assets Digitales:<\/strong> Iconograf\u00eda y elementos gr\u00e1ficos que refuerzan tu identidad en plataformas digitales.<\/li>\n<\/ul>\n\n\n\n<div class=\"wp-block-uagb-advanced-heading uagb-block-9a37e5b4\"><h2 class=\"uagb-heading-text\">El Beneficio Real<\/h2><p class=\"uagb-desc-text\"><strong>Profesionalismo que genera ventas.<\/strong><\/p><\/div>\n\n\n\n<p>Una identidad de marca s\u00f3lida elimina la fricci\u00f3n en la venta. Cuando tu marca se ve profesional, tu cliente deja de cuestionar tu precio y empieza a valorar tu propuesta. Es la inversi\u00f3n m\u00e1s rentable para proyectar la solidez y el nivel de expertise que tu negocio realmente tiene.<\/p>\n\n\n\n<div class=\"wp-block-uagb-call-to-action uagb-block-65dea9a8 wp-block-button\"><div class=\"uagb-cta__wrap\"><h3 class=\"uagb-cta__title\">Es momento de que tu marca se vea tan bien como el servicio que ofreces.<\/h3><p class=\"uagb-cta__desc\">Deja de ser invisible. Construyamos la identidad que llevar\u00e1 a tu negocio al siguiente nivel.<\/p><\/div><div class=\"uagb-cta__buttons\"><a href=\"#\" class=\"uagb-cta__button-link-wrapper wp-block-button__link\" target=\"_self\" rel=\"noopener noreferrer\">Iniciar el Dise\u00f1o de mi Marca<svg xmlns=\"https:\/\/www.w3.org\/2000\/svg\" viewbox=\"0 0 512 512\"><path d=\"M504.3 273.6l-112.1 104c-6.992 6.484-17.18 8.218-25.94 4.406c-8.758-3.812-14.42-12.45-14.42-21.1L351.9 288H32C14.33 288 .0002 273.7 .0002 255.1S14.33 224 32 224h319.9l0-72c0-9.547 5.66-18.19 14.42-22c8.754-3.809 18.95-2.075 25.94 4.41l112.1 104C514.6 247.9 514.6 264.1 504.3 273.6z\"><\/path><\/svg><\/a><\/div><\/div>\n<\/div>\n<\/div><\/div>\n\n\n\n<p><\/p>","protected":false},"excerpt":{"rendered":"<p>La cara de tu estrategia. Un logotipo es solo la punta del iceberg. Una verdadera identidad de marca es un [&hellip;]<\/p>\n","protected":false},"author":1,"featured_media":0,"parent":1969,"menu_order":0,"comment_status":"closed","ping_status":"closed","template":"","meta":{"content-type":"","_uag_custom_page_level_css":"","site-sidebar-layout":"default","site-content-layout":"","ast-site-content-layout":"default","site-content-style":"default","site-sidebar-style":"default","ast-global-header-display":"","ast-banner-title-visibility":"","ast-main-header-display":"","ast-hfb-above-header-display":"","ast-hfb-below-header-display":"","ast-hfb-mobile-header-display":"","site-post-title":"disabled","ast-breadcrumbs-content":"","ast-featured-img":"","footer-sml-layout":"","ast-disable-related-posts":"","theme-transparent-header-meta":"","adv-header-id-meta":"","stick-header-meta":"","header-above-stick-meta":"","header-main-stick-meta":"","header-below-stick-meta":"","astra-migrate-meta-layouts":"set","ast-page-background-enabled":"default","ast-page-background-meta":{"desktop":{"background-color":"var(--ast-global-color-4)","background-image":"","background-repeat":"repeat","background-position":"center center","background-size":"auto","background-attachment":"scroll","background-type":"","background-media":"","overlay-type":"","overlay-color":"","overlay-opacity":"","overlay-gradient":""},"tablet":{"background-color":"","background-image":"","background-repeat":"repeat","background-position":"center center","background-size":"auto","background-attachment":"scroll","background-type":"","background-media":"","overlay-type":"","overlay-color":"","overlay-opacity":"","overlay-gradient":""},"mobile":{"background-color":"","background-image":"","background-repeat":"repeat","background-position":"center center","background-size":"auto","background-attachment":"scroll","background-type":"","background-media":"","overlay-type":"","overlay-color":"","overlay-opacity":"","overlay-gradient":""}},"ast-content-background-meta":{"desktop":{"background-color":"var(--ast-global-color-5)","background-image":"","background-repeat":"repeat","background-position":"center center","background-size":"auto","background-attachment":"scroll","background-type":"","background-media":"","overlay-type":"","overlay-color":"","overlay-opacity":"","overlay-gradient":""},"tablet":{"background-color":"var(--ast-global-color-5)","background-image":"","background-repeat":"repeat","background-position":"center center","background-size":"auto","background-attachment":"scroll","background-type":"","background-media":"","overlay-type":"","overlay-color":"","overlay-opacity":"","overlay-gradient":""},"mobile":{"background-color":"var(--ast-global-color-5)","background-image":"","background-repeat":"repeat","background-position":"center center","background-size":"auto","background-attachment":"scroll","background-type":"","background-media":"","overlay-type":"","overlay-color":"","overlay-opacity":"","overlay-gradient":""}},"footnotes":""},"class_list":["post-2683","page","type-page","status-publish","hentry"],"aioseo_notices":[],"_hostinger_reach_plugin_has_subscription_block":false,"_hostinger_reach_plugin_is_elementor":false,"uagb_featured_image_src":{"full":false,"thumbnail":false,"medium":false,"medium_large":false,"large":false,"1536x1536":false,"2048x2048":false,"trp-custom-language-flag":false},"uagb_author_info":{"display_name":"yairvaldo14@gmail.com","author_link":"https:\/\/ideasalcubo.com.mx\/en\/author\/yairvaldo14gmail-com\/"},"uagb_comment_info":0,"uagb_excerpt":"La cara de tu estrategia. Un logotipo es solo la punta del iceberg. Una verdadera identidad de marca es un [&hellip;]","_links":{"self":[{"href":"https:\/\/ideasalcubo.com.mx\/en\/wp-json\/wp\/v2\/pages\/2683","targetHints":{"allow":["GET"]}}],"collection":[{"href":"https:\/\/ideasalcubo.com.mx\/en\/wp-json\/wp\/v2\/pages"}],"about":[{"href":"https:\/\/ideasalcubo.com.mx\/en\/wp-json\/wp\/v2\/types\/page"}],"author":[{"embeddable":true,"href":"https:\/\/ideasalcubo.com.mx\/en\/wp-json\/wp\/v2\/users\/1"}],"replies":[{"embeddable":true,"href":"https:\/\/ideasalcubo.com.mx\/en\/wp-json\/wp\/v2\/comments?post=2683"}],"version-history":[{"count":10,"href":"https:\/\/ideasalcubo.com.mx\/en\/wp-json\/wp\/v2\/pages\/2683\/revisions"}],"predecessor-version":[{"id":3158,"href":"https:\/\/ideasalcubo.com.mx\/en\/wp-json\/wp\/v2\/pages\/2683\/revisions\/3158"}],"up":[{"embeddable":true,"href":"https:\/\/ideasalcubo.com.mx\/en\/wp-json\/wp\/v2\/pages\/1969"}],"wp:attachment":[{"href":"https:\/\/ideasalcubo.com.mx\/en\/wp-json\/wp\/v2\/media?parent=2683"}],"curies":[{"name":"wp","href":"https:\/\/api.w.org\/{rel}","templated":true}]}}