{"id":2673,"date":"2026-03-12T12:33:04","date_gmt":"2026-03-12T12:33:04","guid":{"rendered":"https:\/\/ideasalcubo.com.mx\/?page_id=2673"},"modified":"2026-03-31T00:22:06","modified_gmt":"2026-03-31T00:22:06","slug":"estrategia-de-contenidos-autoridad","status":"publish","type":"page","link":"https:\/\/ideasalcubo.com.mx\/en\/estrategia-and-consultoria-3\/estrategia-de-contenidos-autoridad\/","title":{"rendered":"Estrategia de Contenidos &amp; Autoridad"},"content":{"rendered":"<div class=\"wp-block-cover alignfull has-parallax\"><div class=\"wp-block-cover__image-background wp-image-2793 size-large has-parallax\" style=\"background-position:50% 50%;background-image:url(https:\/\/ideasalcubo.com.mx\/wp-content\/uploads\/2026\/03\/3d57a30b-df17-4048-b3ab-a0bdef7bf389-1024x572.webp)\"><\/div><span aria-hidden=\"true\" class=\"wp-block-cover__background has-ast-global-color-5-background-color has-background-dim-80 has-background-dim\"><\/span><div class=\"wp-block-cover__inner-container is-layout-constrained wp-block-cover-is-layout-constrained\">\n<div class=\"wp-block-uagb-advanced-heading uagb-block-a5a10b61\"><h2 class=\"uagb-heading-text\">Estrategia de Contenidos &amp; Autoridad<\/h2><\/div>\n<\/div><\/div>\n\n\n\n<div style=\"height:100px\" aria-hidden=\"true\" class=\"wp-block-spacer\"><\/div>\n\n\n\n<div class=\"wp-block-uagb-container uagb-block-34403533 alignfull uagb-is-root-container\"><div class=\"uagb-container-inner-blocks-wrap\">\n<div class=\"wp-block-uagb-container uagb-block-ad068737\">\n<div class=\"wp-block-uagb-advanced-heading uagb-block-82c1fc81\"><h3 class=\"uagb-heading-text\">Convierte tu conocimiento en tu mejor vendedor.<\/h3><\/div>\n\n\n\n<p class=\"has-medium-font-size\">En la era de la sobreinformaci\u00f3n, no basta con estar presente; hay que ser relevante. El contenido sin estrategia es solo ruido. En <strong>Ideas al Cubo<\/strong>, dise\u00f1amos planes de contenido orientados a construir <strong>autoridad de marca<\/strong> y confianza. Ayudamos a que tu empresa deje de perseguir clientes y empiece a atraerlos a trav\u00e9s de una voz experta, coherente y optimizada para buscadores.<\/p>\n\n\n\n<div class=\"wp-block-uagb-advanced-heading uagb-block-c8823232\"><h3 class=\"uagb-heading-text\"><strong>La gente le compra a quienes percibe como expertos.<\/strong><\/h3><\/div>\n\n\n\n<p class=\"has-medium-font-size\">Si tu marca no educa, no inspira o no resuelve dudas, es invisible. Una estrategia de contenidos s\u00f3lida no solo mejora tu posicionamiento en Google (SEO), sino que acorta tu ciclo de venta: un cliente que ha consumido tu contenido llega a la mesa de negociaci\u00f3n con el 70% de la decisi\u00f3n de compra ya tomada.<\/p>\n<\/div>\n\n\n\n<div data-aos= \"fade-up\" data-aos-duration=\"400\" data-aos-delay=\"0\" data-aos-easing=\"ease\" data-aos-once=\"true\" class=\"wp-block-uagb-container uagb-block-b847d19f\"><\/div>\n<\/div><\/div>\n\n\n\n<div class=\"wp-block-uagb-advanced-heading uagb-block-6c2cc3be\"><h2 class=\"uagb-heading-text\">Nuestra Metodolog\u00eda de Contenido<\/h2><p class=\"uagb-desc-text\">No creamos piezas aisladas, construimos un ecosistema de autoridad:<\/p><\/div>\n\n\n\n<div class=\"wp-block-uagb-container uagb-block-d4e3928c alignfull uagb-is-root-container\"><div class=\"uagb-container-inner-blocks-wrap\">\n<div class=\"wp-block-uagb-container uagb-block-cf86fa2a\">\n<div class=\"wp-block-uagb-info-box uagb-block-1c7fe67d uagb-infobox__content-wrap  uagb-infobox-icon-above-title uagb-infobox-image-valign-top\"><div class=\"uagb-ifb-content\"><div class=\"uagb-ifb-image-content\"><img decoding=\"async\" src=\"https:\/\/ideasalcubo.com.mx\/wp-content\/uploads\/2026\/03\/investigacion-ico-150x150.webp\" alt=\"\" width=\"\" height=\"0\" loading=\"lazy\"\/><\/div><div class=\"uagb-ifb-title-wrap\"><h3 class=\"uagb-ifb-title\">Investigaci\u00f3n de Temas T\u00e1cticos (Keyword Research)<\/h3><\/div><p class=\"uagb-ifb-desc\">Identificamos qu\u00e9 est\u00e1 buscando tu audiencia y qu\u00e9 dudas tienen antes de comprar. Nos enfocamos en t\u00e9rminos que atraigan tr\u00e1fico calificado, no solo clics.<\/p><\/div><\/div>\n<\/div>\n\n\n\n<div class=\"wp-block-uagb-container uagb-block-7ea523c7\">\n<div class=\"wp-block-uagb-info-box uagb-block-42218a41 uagb-infobox__content-wrap  uagb-infobox-icon-above-title uagb-infobox-image-valign-top\"><div class=\"uagb-ifb-content\"><div class=\"uagb-ifb-image-content\"><img decoding=\"async\" src=\"https:\/\/ideasalcubo.com.mx\/wp-content\/uploads\/2026\/03\/columnas-ico-150x150.webp\" alt=\"\" width=\"\" height=\"0\" loading=\"lazy\"\/><\/div><div class=\"uagb-ifb-title-wrap\"><h3 class=\"uagb-ifb-title\">Pilares de Contenido y Narrativa<\/h3><\/div><p class=\"uagb-ifb-desc\">Definimos de qu\u00e9 temas va a hablar tu marca para ser reconocida como l\u00edder en su nicho, manteniendo una voz profesional y aut\u00e9ntica.<\/p><\/div><\/div>\n<\/div>\n\n\n\n<div class=\"wp-block-uagb-container uagb-block-aaa28444\">\n<div class=\"wp-block-uagb-info-box uagb-block-64f702d2 uagb-infobox__content-wrap  uagb-infobox-icon-above-title uagb-infobox-image-valign-top\"><div class=\"uagb-ifb-content\"><div class=\"uagb-ifb-image-content\"><img decoding=\"async\" src=\"https:\/\/ideasalcubo.com.mx\/wp-content\/uploads\/2026\/03\/conversion-ico-150x150.webp\" alt=\"\" width=\"\" height=\"0\" loading=\"lazy\"\/><\/div><div class=\"uagb-ifb-title-wrap\"><h3 class=\"uagb-ifb-title\">Optimizaci\u00f3n para Conversi\u00f3n<\/h3><\/div><p class=\"uagb-ifb-desc\">Cada pieza de contenido (art\u00edculo, post o gu\u00eda) tiene un objetivo claro: llevar al usuario al siguiente paso en el embudo de ventas.<\/p><\/div><\/div>\n<\/div>\n<\/div><\/div>\n\n\n\n<div class=\"wp-block-uagb-container uagb-block-3ebd03dd alignfull uagb-is-root-container\"><div class=\"uagb-container-inner-blocks-wrap\">\n<div data-aos= \"fade-up\" data-aos-duration=\"400\" data-aos-delay=\"0\" data-aos-easing=\"ease\" data-aos-once=\"true\" class=\"wp-block-uagb-container uagb-block-203ea270\"><\/div>\n\n\n\n<div class=\"wp-block-uagb-container uagb-block-fdc9bcd9\">\n<div class=\"wp-block-uagb-advanced-heading uagb-block-7ad32709\"><h3 class=\"uagb-heading-text\">\u00bfQu\u00e9 incluye tu Estrategia de Contenidos?<\/h3><p class=\"uagb-desc-text\"><strong>Te entregamos la estructura necesaria para que tu comunicaci\u00f3n sea constante y profesional<\/strong><\/p><\/div>\n\n\n\n<ul class=\"wp-block-list\">\n<li><strong>Calendario Editorial Estrat\u00e9gico:<\/strong> Una planeaci\u00f3n organizada por temas, formatos y fechas clave.<\/li>\n\n\n\n<li><strong>Gu\u00eda de Estilo y Voz de Marca:<\/strong> Definimos c\u00f3mo habla tu marca para que la comunicaci\u00f3n sea coherente en todos los canales.<\/li>\n\n\n\n<li><strong>Plan de Distribuci\u00f3n SEO:<\/strong> Instrucciones t\u00e9cnicas para que tu contenido sea indexado correctamente y gane autoridad en buscadores.<\/li>\n<\/ul>\n\n\n\n<div class=\"wp-block-uagb-advanced-heading uagb-block-b62c1105\"><h3 class=\"uagb-heading-text\">El Beneficio Real<\/h3><p class=\"uagb-desc-text\"><strong>Posicionamiento org\u00e1nico y confianza ciega.<\/strong><\/p><\/div>\n\n\n\n<p>Una buena estrategia de contenidos trabaja para ti las 24 horas del d\u00eda. Reduce tu dependencia total de la publicidad pagada al generar una base de autoridad org\u00e1nica que crece con el tiempo, posicionando a tu empresa como la referencia absoluta en su sector.<\/p>\n\n\n\n<div class=\"wp-block-uagb-call-to-action uagb-block-bfe1c93c wp-block-button\"><div class=\"uagb-cta__wrap\"><h3 class=\"uagb-cta__title\"><strong>Deja de publicar y empieza a comunicar con prop\u00f3sito.<\/strong><\/h3><p class=\"uagb-cta__desc\">Es momento de que tu marca tenga una voz que venda por s\u00ed sola. Construyamos tu autoridad hoy mismo.<\/p><\/div><div class=\"uagb-cta__buttons\"><a href=\"https:\/\/ideasalcubo.com.mx\/contacto\/\" class=\"uagb-cta__button-link-wrapper wp-block-button__link\" target=\"_self\" rel=\"noopener noreferrer\">Crear mi Estrategia de Contenidos<svg xmlns=\"https:\/\/www.w3.org\/2000\/svg\" viewbox=\"0 0 512 512\"><path d=\"M504.3 273.6l-112.1 104c-6.992 6.484-17.18 8.218-25.94 4.406c-8.758-3.812-14.42-12.45-14.42-21.1L351.9 288H32C14.33 288 .0002 273.7 .0002 255.1S14.33 224 32 224h319.9l0-72c0-9.547 5.66-18.19 14.42-22c8.754-3.809 18.95-2.075 25.94 4.41l112.1 104C514.6 247.9 514.6 264.1 504.3 273.6z\"><\/path><\/svg><\/a><\/div><\/div>\n<\/div>\n<\/div><\/div>\n\n\n\n<p><\/p>","protected":false},"excerpt":{"rendered":"<p>Convierte tu conocimiento en tu mejor vendedor. En la era de la sobreinformaci\u00f3n, no basta con estar presente; hay que [&hellip;]<\/p>\n","protected":false},"author":1,"featured_media":0,"parent":1976,"menu_order":0,"comment_status":"closed","ping_status":"closed","template":"","meta":{"content-type":"","_uag_custom_page_level_css":"","site-sidebar-layout":"default","site-content-layout":"","ast-site-content-layout":"default","site-content-style":"default","site-sidebar-style":"default","ast-global-header-display":"","ast-banner-title-visibility":"","ast-main-header-display":"","ast-hfb-above-header-display":"","ast-hfb-below-header-display":"","ast-hfb-mobile-header-display":"","site-post-title":"disabled","ast-breadcrumbs-content":"","ast-featured-img":"","footer-sml-layout":"","ast-disable-related-posts":"","theme-transparent-header-meta":"","adv-header-id-meta":"","stick-header-meta":"","header-above-stick-meta":"","header-main-stick-meta":"","header-below-stick-meta":"","astra-migrate-meta-layouts":"set","ast-page-background-enabled":"default","ast-page-background-meta":{"desktop":{"background-color":"var(--ast-global-color-4)","background-image":"","background-repeat":"repeat","background-position":"center center","background-size":"auto","background-attachment":"scroll","background-type":"","background-media":"","overlay-type":"","overlay-color":"","overlay-opacity":"","overlay-gradient":""},"tablet":{"background-color":"","background-image":"","background-repeat":"repeat","background-position":"center center","background-size":"auto","background-attachment":"scroll","background-type":"","background-media":"","overlay-type":"","overlay-color":"","overlay-opacity":"","overlay-gradient":""},"mobile":{"background-color":"","background-image":"","background-repeat":"repeat","background-position":"center center","background-size":"auto","background-attachment":"scroll","background-type":"","background-media":"","overlay-type":"","overlay-color":"","overlay-opacity":"","overlay-gradient":""}},"ast-content-background-meta":{"desktop":{"background-color":"var(--ast-global-color-5)","background-image":"","background-repeat":"repeat","background-position":"center center","background-size":"auto","background-attachment":"scroll","background-type":"","background-media":"","overlay-type":"","overlay-color":"","overlay-opacity":"","overlay-gradient":""},"tablet":{"background-color":"var(--ast-global-color-5)","background-image":"","background-repeat":"repeat","background-position":"center center","background-size":"auto","background-attachment":"scroll","background-type":"","background-media":"","overlay-type":"","overlay-color":"","overlay-opacity":"","overlay-gradient":""},"mobile":{"background-color":"var(--ast-global-color-5)","background-image":"","background-repeat":"repeat","background-position":"center center","background-size":"auto","background-attachment":"scroll","background-type":"","background-media":"","overlay-type":"","overlay-color":"","overlay-opacity":"","overlay-gradient":""}},"footnotes":""},"class_list":["post-2673","page","type-page","status-publish","hentry"],"aioseo_notices":[],"_hostinger_reach_plugin_has_subscription_block":false,"_hostinger_reach_plugin_is_elementor":false,"uagb_featured_image_src":{"full":false,"thumbnail":false,"medium":false,"medium_large":false,"large":false,"1536x1536":false,"2048x2048":false,"trp-custom-language-flag":false},"uagb_author_info":{"display_name":"yairvaldo14@gmail.com","author_link":"https:\/\/ideasalcubo.com.mx\/en\/author\/yairvaldo14gmail-com\/"},"uagb_comment_info":0,"uagb_excerpt":"Convierte tu conocimiento en tu mejor vendedor. En la era de la sobreinformaci\u00f3n, no basta con estar presente; hay que [&hellip;]","_links":{"self":[{"href":"https:\/\/ideasalcubo.com.mx\/en\/wp-json\/wp\/v2\/pages\/2673","targetHints":{"allow":["GET"]}}],"collection":[{"href":"https:\/\/ideasalcubo.com.mx\/en\/wp-json\/wp\/v2\/pages"}],"about":[{"href":"https:\/\/ideasalcubo.com.mx\/en\/wp-json\/wp\/v2\/types\/page"}],"author":[{"embeddable":true,"href":"https:\/\/ideasalcubo.com.mx\/en\/wp-json\/wp\/v2\/users\/1"}],"replies":[{"embeddable":true,"href":"https:\/\/ideasalcubo.com.mx\/en\/wp-json\/wp\/v2\/comments?post=2673"}],"version-history":[{"count":9,"href":"https:\/\/ideasalcubo.com.mx\/en\/wp-json\/wp\/v2\/pages\/2673\/revisions"}],"predecessor-version":[{"id":3021,"href":"https:\/\/ideasalcubo.com.mx\/en\/wp-json\/wp\/v2\/pages\/2673\/revisions\/3021"}],"up":[{"embeddable":true,"href":"https:\/\/ideasalcubo.com.mx\/en\/wp-json\/wp\/v2\/pages\/1976"}],"wp:attachment":[{"href":"https:\/\/ideasalcubo.com.mx\/en\/wp-json\/wp\/v2\/media?parent=2673"}],"curies":[{"name":"wp","href":"https:\/\/api.w.org\/{rel}","templated":true}]}}