{"id":2668,"date":"2026-03-12T12:30:14","date_gmt":"2026-03-12T12:30:14","guid":{"rendered":"https:\/\/ideasalcubo.com.mx\/?page_id=2668"},"modified":"2026-04-04T02:19:50","modified_gmt":"2026-04-04T08:19:50","slug":"diseno-de-customer-journey","status":"publish","type":"page","link":"https:\/\/ideasalcubo.com.mx\/en\/estrategia-and-consultoria-3\/diseno-de-customer-journey\/","title":{"rendered":"Dise\u00f1o de Customer Journey"},"content":{"rendered":"<div class=\"wp-block-cover alignfull has-parallax\"><div class=\"wp-block-cover__image-background wp-image-2788 size-large has-parallax\" style=\"background-position:50% 50%;background-image:url(https:\/\/ideasalcubo.com.mx\/wp-content\/uploads\/2026\/03\/download-2-1024x572.webp)\"><\/div><span aria-hidden=\"true\" class=\"wp-block-cover__background has-ast-global-color-5-background-color has-background-dim-80 has-background-dim\"><\/span><div class=\"wp-block-cover__inner-container is-layout-constrained wp-block-cover-is-layout-constrained\">\n<div class=\"wp-block-uagb-advanced-heading uagb-block-be9596ab\"><h2 class=\"uagb-heading-text\">Dise\u00f1o de Customer Journey<\/h2><\/div>\n<\/div><\/div>\n\n\n\n<div style=\"height:100px\" aria-hidden=\"true\" class=\"wp-block-spacer\"><\/div>\n\n\n\n<div class=\"wp-block-uagb-container uagb-block-7b8cca2e alignfull uagb-is-root-container\"><div class=\"uagb-container-inner-blocks-wrap\">\n<div class=\"wp-block-uagb-container uagb-block-d5bd89bb\">\n<div class=\"wp-block-uagb-advanced-heading uagb-block-d1b0926c\"><h3 class=\"uagb-heading-text\">El mapa hacia tu pr\u00f3xima venta.<\/h3><\/div>\n\n\n\n<p class=\"has-medium-font-size\">Tener tr\u00e1fico en tu sitio web no sirve de nada si no sabes c\u00f3mo guiar a ese visitante hasta el bot\u00f3n de compra. En <strong>Ideas al Cubo<\/strong>, dise\u00f1amos el <strong>Customer Journey<\/strong> (Viaje del Cliente): un mapa estrat\u00e9gico que identifica cada punto de contacto entre tu marca y tu audiencia, optimizando la experiencia para maximizar la conversi\u00f3n y reducir el abandono.<\/p>\n\n\n\n<div class=\"wp-block-uagb-advanced-heading uagb-block-bb545dc9\"><h3 class=\"uagb-heading-text\"><strong>\u00bfSabes exactamente en qu\u00e9 punto se van tus clientes?<\/strong><\/h3><\/div>\n\n\n\n<p>Muchos negocios pierden ventas porque su proceso es confuso, lento o carece de confianza en los momentos clave. No se trata solo de tener una p\u00e1gina bonita; se trata de entregar el mensaje correcto, en el canal adecuado y en el momento preciso en que el cliente est\u00e1 listo para decidir<\/p>\n<\/div>\n\n\n\n<div class=\"wp-block-uagb-container uagb-block-dbe549f8\"><\/div>\n<\/div><\/div>\n\n\n\n<div class=\"wp-block-uagb-advanced-heading uagb-block-b5eaac35\"><h3 class=\"uagb-heading-text\">Analizamos y optimizamos las tres etapas cr\u00edticas del viaje de tu cliente:<\/h3><\/div>\n\n\n\n<div class=\"wp-block-uagb-container uagb-block-b6cd4891 alignfull uagb-is-root-container\"><div class=\"uagb-container-inner-blocks-wrap\">\n<div class=\"wp-block-uagb-container uagb-block-1079a114\">\n<div class=\"wp-block-uagb-info-box uagb-block-0c74372c uagb-infobox__content-wrap  uagb-infobox-icon-above-title uagb-infobox-image-valign-top\"><div class=\"uagb-ifb-content\"><div class=\"uagb-ifb-image-content\"><img decoding=\"async\" src=\"https:\/\/ideasalcubo.com.mx\/wp-content\/uploads\/2026\/03\/Awareness-ico-150x150.webp\" alt=\"\" width=\"\" height=\"0\" loading=\"lazy\"\/><\/div><div class=\"uagb-ifb-title-wrap\"><h3 class=\"uagb-ifb-title\">Etapa de Descubrimiento (Awareness)<\/h3><\/div><p class=\"uagb-ifb-desc\">Dise\u00f1amos la primera impresi\u00f3n. Optimizamos tus canales de entrada para que el cliente entienda de inmediato qui\u00e9n eres y c\u00f3mo puedes ayudarlo.<\/p><\/div><\/div>\n<\/div>\n\n\n\n<div class=\"wp-block-uagb-container uagb-block-0871af98\">\n<div class=\"wp-block-uagb-info-box uagb-block-1b80e480 uagb-infobox__content-wrap  uagb-infobox-icon-above-title uagb-infobox-image-valign-top\"><div class=\"uagb-ifb-content\"><div class=\"uagb-ifb-image-content\"><img decoding=\"async\" src=\"https:\/\/ideasalcubo.com.mx\/wp-content\/uploads\/2026\/03\/question-mark-ico-150x150.webp\" alt=\"\" width=\"\" height=\"0\" loading=\"lazy\"\/><\/div><div class=\"uagb-ifb-title-wrap\"><h3 class=\"uagb-ifb-title\">Etapa de Consideraci\u00f3n<\/h3><\/div><p class=\"uagb-ifb-desc\">Aqu\u00ed es donde eliminamos las dudas. Estructuramos el contenido y los testimonios necesarios para que tu marca se convierta en la opci\u00f3n l\u00f3gica frente a la competencia.<\/p><\/div><\/div>\n<\/div>\n\n\n\n<div class=\"wp-block-uagb-container uagb-block-4e050baa\">\n<div class=\"wp-block-uagb-info-box uagb-block-c5b5a8cc uagb-infobox__content-wrap  uagb-infobox-icon-above-title uagb-infobox-image-valign-top\"><div class=\"uagb-ifb-content\"><div class=\"uagb-ifb-image-content\"><img decoding=\"async\" src=\"https:\/\/ideasalcubo.com.mx\/wp-content\/uploads\/2026\/04\/terminal-punto-de-venta-standalone-150x150.webp\" alt=\"\" width=\"\" height=\"0\" loading=\"lazy\"\/><\/div><div class=\"uagb-ifb-title-wrap\"><h3 class=\"uagb-ifb-title\">Etapa de Conversi\u00f3n y Acci\u00f3n<\/h3><\/div><p class=\"uagb-ifb-desc\">Pulimos el cierre. Analizamos botones, formularios y procesos de pago para eliminar cualquier fricci\u00f3n t\u00e9cnica que impida que la venta se concrete.<\/p><\/div><\/div>\n<\/div>\n<\/div><\/div>\n\n\n\n<div class=\"wp-block-uagb-container uagb-block-615b6056 alignfull uagb-is-root-container\"><div class=\"uagb-container-inner-blocks-wrap\">\n<div class=\"wp-block-uagb-container uagb-block-65b3fc77\">\n<div class=\"wp-block-uagb-image uagb-block-ae75f395 wp-block-uagb-image--layout-default wp-block-uagb-image--effect-zoomin wp-block-uagb-image--align-none\"><figure class=\"wp-block-uagb-image__figure\"><img decoding=\"async\" srcset=\"https:\/\/ideasalcubo.com.mx\/wp-content\/uploads\/2026\/03\/Tablero-Pacman-ico.webp ,https:\/\/ideasalcubo.com.mx\/wp-content\/uploads\/2026\/03\/Tablero-Pacman-ico.webp 780w, https:\/\/ideasalcubo.com.mx\/wp-content\/uploads\/2026\/03\/Tablero-Pacman-ico.webp 360w\" sizes=\"auto, (max-width: 480px) 150px\" src=\"https:\/\/ideasalcubo.com.mx\/wp-content\/uploads\/2026\/03\/Tablero-Pacman-ico.webp\" alt=\"\" class=\"uag-image-3002\" width=\"768\" height=\"1376\" title=\"Tablero Pacman ico\" loading=\"lazy\" role=\"img\"\/><\/figure><\/div>\n<\/div>\n\n\n\n<div class=\"wp-block-uagb-container uagb-block-78eb6a4b\">\n<div class=\"wp-block-uagb-advanced-heading uagb-block-7171174d\"><h3 class=\"uagb-heading-text\">\u00bfQu\u00e9 analizamos en este proceso?<\/h3><p class=\"uagb-desc-text\">No dejamos el \u00e9xito al azar; usamos datos para dise\u00f1ar la ruta:<\/p><\/div>\n\n\n\n<ol class=\"wp-block-list\">\n<li><strong>Mapeo de Puntos de Contacto:<\/strong> Desde un anuncio en redes hasta el correo de confirmaci\u00f3n de compra.<\/li>\n\n\n\n<li><strong>Identificaci\u00f3n de Fricciones:<\/strong> Detectamos d\u00f3nde se detiene el usuario y por qu\u00e9 no avanza.<\/li>\n\n\n\n<li><strong>Optimizaci\u00f3n de Mensajes:<\/strong> Ajustamos la comunicaci\u00f3n para que resuelva las objeciones del cliente en tiempo real.<\/li>\n<\/ol>\n\n\n\n<div class=\"wp-block-uagb-advanced-heading uagb-block-9425c717\"><h3 class=\"uagb-heading-text\"><strong>Un flujo de ventas predecible y eficiente<\/strong><\/h3><\/div>\n\n\n\n<p>Al dise\u00f1ar un <strong>Customer Journey<\/strong> optimizado, no solo aumentas tus ventas hoy; construyes un sistema que funciona de forma autom\u00e1tica. Reduces tu costo de adquisici\u00f3n (CAC) y mejoras la experiencia del usuario, transformando clientes de una sola vez en embajadores recurrentes de tu marca.<\/p>\n\n\n\n<div class=\"wp-block-uagb-call-to-action uagb-block-e81d0775 wp-block-button\"><div class=\"uagb-cta__wrap\"><h3 class=\"uagb-cta__title\"><strong>Deja de perder clientes en el camino.<\/strong><\/h3><p class=\"uagb-cta__desc\">Convierte tu sitio web en una m\u00e1quina de ventas dise\u00f1ada estrat\u00e9gicamente. Optimicemos juntos el viaje de tu cliente.<\/p><\/div><div class=\"uagb-cta__buttons\"><a href=\"https:\/\/ideasalcubo.com.mx\/contacto\/\" class=\"uagb-cta__button-link-wrapper wp-block-button__link\" target=\"_self\" rel=\"noopener noreferrer\">Optimizar mi Proceso de Venta<svg xmlns=\"https:\/\/www.w3.org\/2000\/svg\" viewbox=\"0 0 512 512\"><path d=\"M504.3 273.6l-112.1 104c-6.992 6.484-17.18 8.218-25.94 4.406c-8.758-3.812-14.42-12.45-14.42-21.1L351.9 288H32C14.33 288 .0002 273.7 .0002 255.1S14.33 224 32 224h319.9l0-72c0-9.547 5.66-18.19 14.42-22c8.754-3.809 18.95-2.075 25.94 4.41l112.1 104C514.6 247.9 514.6 264.1 504.3 273.6z\"><\/path><\/svg><\/a><\/div><\/div>\n<\/div>\n<\/div><\/div>\n\n\n\n<p><\/p>","protected":false},"excerpt":{"rendered":"<p>El mapa hacia tu pr\u00f3xima venta. Tener tr\u00e1fico en tu sitio web no sirve de nada si no sabes c\u00f3mo [&hellip;]<\/p>\n","protected":false},"author":1,"featured_media":0,"parent":1976,"menu_order":0,"comment_status":"closed","ping_status":"closed","template":"","meta":{"content-type":"","_uag_custom_page_level_css":"","site-sidebar-layout":"default","site-content-layout":"","ast-site-content-layout":"default","site-content-style":"default","site-sidebar-style":"default","ast-global-header-display":"","ast-banner-title-visibility":"","ast-main-header-display":"","ast-hfb-above-header-display":"","ast-hfb-below-header-display":"","ast-hfb-mobile-header-display":"","site-post-title":"disabled","ast-breadcrumbs-content":"","ast-featured-img":"","footer-sml-layout":"","ast-disable-related-posts":"","theme-transparent-header-meta":"","adv-header-id-meta":"","stick-header-meta":"","header-above-stick-meta":"","header-main-stick-meta":"","header-below-stick-meta":"","astra-migrate-meta-layouts":"set","ast-page-background-enabled":"default","ast-page-background-meta":{"desktop":{"background-color":"var(--ast-global-color-4)","background-image":"","background-repeat":"repeat","background-position":"center center","background-size":"auto","background-attachment":"scroll","background-type":"","background-media":"","overlay-type":"","overlay-color":"","overlay-opacity":"","overlay-gradient":""},"tablet":{"background-color":"","background-image":"","background-repeat":"repeat","background-position":"center center","background-size":"auto","background-attachment":"scroll","background-type":"","background-media":"","overlay-type":"","overlay-color":"","overlay-opacity":"","overlay-gradient":""},"mobile":{"background-color":"","background-image":"","background-repeat":"repeat","background-position":"center center","background-size":"auto","background-attachment":"scroll","background-type":"","background-media":"","overlay-type":"","overlay-color":"","overlay-opacity":"","overlay-gradient":""}},"ast-content-background-meta":{"desktop":{"background-color":"var(--ast-global-color-5)","background-image":"","background-repeat":"repeat","background-position":"center center","background-size":"auto","background-attachment":"scroll","background-type":"","background-media":"","overlay-type":"","overlay-color":"","overlay-opacity":"","overlay-gradient":""},"tablet":{"background-color":"var(--ast-global-color-5)","background-image":"","background-repeat":"repeat","background-position":"center center","background-size":"auto","background-attachment":"scroll","background-type":"","background-media":"","overlay-type":"","overlay-color":"","overlay-opacity":"","overlay-gradient":""},"mobile":{"background-color":"var(--ast-global-color-5)","background-image":"","background-repeat":"repeat","background-position":"center center","background-size":"auto","background-attachment":"scroll","background-type":"","background-media":"","overlay-type":"","overlay-color":"","overlay-opacity":"","overlay-gradient":""}},"footnotes":""},"class_list":["post-2668","page","type-page","status-publish","hentry"],"aioseo_notices":[],"_hostinger_reach_plugin_has_subscription_block":false,"_hostinger_reach_plugin_is_elementor":false,"uagb_featured_image_src":{"full":false,"thumbnail":false,"medium":false,"medium_large":false,"large":false,"1536x1536":false,"2048x2048":false,"trp-custom-language-flag":false},"uagb_author_info":{"display_name":"yairvaldo14@gmail.com","author_link":"https:\/\/ideasalcubo.com.mx\/en\/author\/yairvaldo14gmail-com\/"},"uagb_comment_info":0,"uagb_excerpt":"El mapa hacia tu pr\u00f3xima venta. Tener tr\u00e1fico en tu sitio web no sirve de nada si no sabes c\u00f3mo [&hellip;]","_links":{"self":[{"href":"https:\/\/ideasalcubo.com.mx\/en\/wp-json\/wp\/v2\/pages\/2668","targetHints":{"allow":["GET"]}}],"collection":[{"href":"https:\/\/ideasalcubo.com.mx\/en\/wp-json\/wp\/v2\/pages"}],"about":[{"href":"https:\/\/ideasalcubo.com.mx\/en\/wp-json\/wp\/v2\/types\/page"}],"author":[{"embeddable":true,"href":"https:\/\/ideasalcubo.com.mx\/en\/wp-json\/wp\/v2\/users\/1"}],"replies":[{"embeddable":true,"href":"https:\/\/ideasalcubo.com.mx\/en\/wp-json\/wp\/v2\/comments?post=2668"}],"version-history":[{"count":12,"href":"https:\/\/ideasalcubo.com.mx\/en\/wp-json\/wp\/v2\/pages\/2668\/revisions"}],"predecessor-version":[{"id":3128,"href":"https:\/\/ideasalcubo.com.mx\/en\/wp-json\/wp\/v2\/pages\/2668\/revisions\/3128"}],"up":[{"embeddable":true,"href":"https:\/\/ideasalcubo.com.mx\/en\/wp-json\/wp\/v2\/pages\/1976"}],"wp:attachment":[{"href":"https:\/\/ideasalcubo.com.mx\/en\/wp-json\/wp\/v2\/media?parent=2668"}],"curies":[{"name":"wp","href":"https:\/\/api.w.org\/{rel}","templated":true}]}}