{"id":2666,"date":"2026-03-12T12:29:16","date_gmt":"2026-03-12T12:29:16","guid":{"rendered":"https:\/\/ideasalcubo.com.mx\/?page_id=2666"},"modified":"2026-03-27T05:29:16","modified_gmt":"2026-03-27T05:29:16","slug":"arquitectura-de-marca-y-diferenciacion","status":"publish","type":"page","link":"https:\/\/ideasalcubo.com.mx\/en\/estrategia-and-consultoria-3\/arquitectura-de-marca-y-diferenciacion\/","title":{"rendered":"Arquitectura de Marca y Diferenciaci\u00f3n"},"content":{"rendered":"<div class=\"wp-block-cover alignfull has-parallax\"><div class=\"wp-block-cover__image-background wp-image-2786 size-large has-parallax\" style=\"background-position:50% 50%;background-image:url(https:\/\/ideasalcubo.com.mx\/wp-content\/uploads\/2026\/03\/0ecae192-e509-4e26-996b-5584aebe133d-1024x572.jpg)\"><\/div><span aria-hidden=\"true\" class=\"wp-block-cover__background has-ast-global-color-5-background-color has-background-dim-80 has-background-dim\"><\/span><div class=\"wp-block-cover__inner-container is-layout-constrained wp-block-cover-is-layout-constrained\">\n<div class=\"wp-block-uagb-advanced-heading uagb-block-7e98fb09\"><h1 class=\"uagb-heading-text\">Arquitectura de Marca &amp; Diferenciaci\u00f3n<\/h1><\/div>\n<\/div><\/div>\n\n\n\n<div style=\"height:100px\" aria-hidden=\"true\" class=\"wp-block-spacer\"><\/div>\n\n\n\n<div class=\"wp-block-uagb-container uagb-block-871fd30b alignfull uagb-is-root-container\"><div class=\"uagb-container-inner-blocks-wrap\">\n<div class=\"wp-block-uagb-container uagb-block-a23e3390\">\n<div class=\"wp-block-uagb-advanced-heading uagb-block-fecb9ea5\"><h2 class=\"uagb-heading-text\">Estructura para crecer con claridad.<\/h2><\/div>\n\n\n\n<p>Tener un buen producto no es suficiente si el mercado no entiende qu\u00e9 te hace \u00fanico o si tu oferta actual genera confusi\u00f3n entre tus clientes. En <strong>Ideas al Cubo<\/strong>, organizamos el ADN de tu negocio para que cada servicio, producto o sub-marca tenga un lugar claro. No solo dise\u00f1amos marcas; construimos sistemas que facilitan la decisi\u00f3n de compra y potencian tu autoridad en el sector.<\/p>\n\n\n\n<div class=\"wp-block-uagb-advanced-heading uagb-block-dcba7b28\"><h2 class=\"uagb-heading-text\"><strong>Si eres igual a los dem\u00e1s, solo puedes competir por precio.<\/strong><\/h2><\/div>\n\n\n\n<p>En un entorno saturado, la diferenciaci\u00f3n es tu mayor activo financiero. Trabajamos contigo para encontrar ese &#8220;\u00e1ngulo de ataque&#8221; que te hace relevante y preferible ante la competencia. Analizamos tu propuesta de valor para asegurar que tu mensaje resuene con fuerza y justifique tu posicionamiento premium en el mercado.<\/p>\n<\/div>\n\n\n\n<div class=\"wp-block-uagb-container uagb-block-b1fdb88d\"><\/div>\n<\/div><\/div>\n\n\n\n<div class=\"wp-block-uagb-advanced-heading uagb-block-4087d18f\"><h2 class=\"uagb-heading-text\"><strong>Orden estrat\u00e9gico para marcas con visi\u00f3n de futuro.<\/strong><\/h2><p class=\"uagb-desc-text\">La arquitectura de marca es el mapa que define c\u00f3mo se relacionan tus productos o servicios entre s\u00ed. Es vital para empresas que planean expandirse, lanzar nuevas l\u00edneas o diversificarse sin diluir el valor de su marca principal:<\/p><\/div>\n\n\n\n<div class=\"wp-block-uagb-container uagb-block-9e04751f alignfull uagb-is-root-container\"><div class=\"uagb-container-inner-blocks-wrap\">\n<div class=\"wp-block-uagb-container uagb-block-48417f2e\">\n<div class=\"wp-block-uagb-info-box uagb-block-9ff2381a uagb-infobox__content-wrap  uagb-infobox-icon-above-title uagb-infobox-image-valign-top\"><div class=\"uagb-ifb-content\"><div class=\"uagb-ifb-image-content\"><img decoding=\"async\" src=\"https:\/\/ideasalcubo.com.mx\/wp-content\/uploads\/2026\/03\/Monolito-ico-150x150.webp\" alt=\"\" width=\"\" height=\"0\" loading=\"lazy\"\/><\/div><div class=\"uagb-ifb-title-wrap\"><h3 class=\"uagb-ifb-title\">Modelos Monol\u00edticos<\/h3><\/div><p class=\"uagb-ifb-desc\">Una sola marca fuerte que respalda todo lo que haces (ideal para generar confianza r\u00e1pida).<\/p><\/div><\/div>\n<\/div>\n\n\n\n<div class=\"wp-block-uagb-container uagb-block-25e76335\">\n<div class=\"wp-block-uagb-info-box uagb-block-038e5dbb uagb-infobox__content-wrap  uagb-infobox-icon-above-title uagb-infobox-image-valign-top\"><div class=\"uagb-ifb-content\"><div class=\"uagb-ifb-image-content\"><img decoding=\"async\" src=\"https:\/\/ideasalcubo.com.mx\/wp-content\/uploads\/2026\/03\/marcas-endosasdas-150x150.webp\" alt=\"\" width=\"\" height=\"0\" loading=\"lazy\"\/><\/div><div class=\"uagb-ifb-title-wrap\"><h3 class=\"uagb-ifb-title\">Marcas Endosadas<\/h3><\/div><p class=\"uagb-ifb-desc\">Sub-marcas con identidad propia que mantienen el respaldo y prestigio de tu marca madre.<\/p><\/div><\/div>\n<\/div>\n\n\n\n<div class=\"wp-block-uagb-container uagb-block-4b8a75e6\">\n<div class=\"wp-block-uagb-info-box uagb-block-71dce328 uagb-infobox__content-wrap  uagb-infobox-icon-above-title uagb-infobox-image-valign-top\"><div class=\"uagb-ifb-content\"><div class=\"uagb-ifb-image-content\"><img decoding=\"async\" src=\"https:\/\/ideasalcubo.com.mx\/wp-content\/uploads\/2026\/03\/sistemas-hibridos-ico-150x150.webp\" alt=\"\" width=\"\" height=\"0\" loading=\"lazy\"\/><\/div><div class=\"uagb-ifb-title-wrap\"><h3 class=\"uagb-ifb-title\">Sistemas H\u00edbridos<\/h3><\/div><p class=\"uagb-ifb-desc\">Estrategias diferenciadas para atacar distintos nichos de mercado manteniendo una coherencia corporativa.<\/p><\/div><\/div>\n<\/div>\n<\/div><\/div>\n\n\n\n<div class=\"wp-block-uagb-container uagb-block-f460568c alignfull uagb-is-root-container\"><div class=\"uagb-container-inner-blocks-wrap\">\n<div class=\"wp-block-uagb-container uagb-block-e84abf2f\"><\/div>\n\n\n\n<div class=\"wp-block-uagb-container uagb-block-859f079e\">\n<div class=\"wp-block-uagb-advanced-heading uagb-block-55f3b9da\"><h2 class=\"uagb-heading-text\">Nuestra Metodolog\u00eda<\/h2><p class=\"uagb-desc-text\">No tomamos decisiones basadas en est\u00e9tica, sino en objetivos de negocio:<\/p><\/div>\n\n\n\n<ul class=\"wp-block-list\">\n<li><strong>Auditor\u00eda de Portafolio:<\/strong> Analizamos tus servicios actuales para identificar redundancias o \u00e1reas de confusi\u00f3n.<\/li>\n\n\n\n<li><strong>Definici\u00f3n de Propuesta \u00danica de Venta (USP):<\/strong> Encontramos el argumento central que te separa definitivamente de tu competencia.<\/li>\n\n\n\n<li><strong>Dise\u00f1o de Jerarqu\u00edas:<\/strong> Creamos el esquema visual y l\u00f3gico de c\u00f3mo debe presentarse tu oferta para que el cliente entienda de inmediato qu\u00e9 comprar.<\/li>\n<\/ul>\n\n\n\n<div class=\"wp-block-uagb-advanced-heading uagb-block-1b9376c2\"><h2 class=\"uagb-heading-text\"><strong>Menos confusi\u00f3n para el cliente, m\u00e1s escalabilidad para ti.<\/strong><\/h2><\/div>\n\n\n\n<p>Una marca bien estructurada reduce dr\u00e1sticamente el costo de adquisici\u00f3n de clientes. Al tener una arquitectura clara, preparas tu negocio no solo para el \u00e9xito de hoy, sino para un crecimiento ordenado, profesional y, sobre todo, rentable.<\/p>\n<\/div>\n<\/div><\/div>\n\n\n\n<div class=\"wp-block-uagb-call-to-action uagb-block-b0e3c7b2 wp-block-button\"><div class=\"uagb-cta__wrap\"><h3 class=\"uagb-cta__title\"><strong>Deja de ser una opci\u00f3n m\u00e1s y convi\u00e9rtete en el referente.<\/strong><\/h3><p class=\"uagb-cta__desc\">Dale a tu empresa la estructura que necesita para dominar su categor\u00eda. Construyamos una marca que sea imposible de ignorar.<\/p><\/div><div class=\"uagb-cta__buttons\"><a href=\"https:\/\/ideasalcubo.com.mx\/contacto\/\" class=\"uagb-cta__button-link-wrapper wp-block-button__link\" target=\"_self\" rel=\"noopener noreferrer\">Definir mi Estrategia de Marca<svg xmlns=\"https:\/\/www.w3.org\/2000\/svg\" viewbox=\"0 0 512 512\"><path d=\"M504.3 273.6l-112.1 104c-6.992 6.484-17.18 8.218-25.94 4.406c-8.758-3.812-14.42-12.45-14.42-21.1L351.9 288H32C14.33 288 .0002 273.7 .0002 255.1S14.33 224 32 224h319.9l0-72c0-9.547 5.66-18.19 14.42-22c8.754-3.809 18.95-2.075 25.94 4.41l112.1 104C514.6 247.9 514.6 264.1 504.3 273.6z\"><\/path><\/svg><\/a><\/div><\/div>\n\n\n\n<p><\/p>","protected":false},"excerpt":{"rendered":"<p>Estructura para crecer con claridad. Tener un buen producto no es suficiente si el mercado no entiende qu\u00e9 te hace [&hellip;]<\/p>\n","protected":false},"author":1,"featured_media":0,"parent":1976,"menu_order":0,"comment_status":"closed","ping_status":"closed","template":"","meta":{"content-type":"","_uag_custom_page_level_css":"","site-sidebar-layout":"default","site-content-layout":"","ast-site-content-layout":"default","site-content-style":"default","site-sidebar-style":"default","ast-global-header-display":"","ast-banner-title-visibility":"","ast-main-header-display":"","ast-hfb-above-header-display":"","ast-hfb-below-header-display":"","ast-hfb-mobile-header-display":"","site-post-title":"disabled","ast-breadcrumbs-content":"","ast-featured-img":"","footer-sml-layout":"","ast-disable-related-posts":"","theme-transparent-header-meta":"","adv-header-id-meta":"","stick-header-meta":"","header-above-stick-meta":"","header-main-stick-meta":"","header-below-stick-meta":"","astra-migrate-meta-layouts":"set","ast-page-background-enabled":"default","ast-page-background-meta":{"desktop":{"background-color":"var(--ast-global-color-4)","background-image":"","background-repeat":"repeat","background-position":"center center","background-size":"auto","background-attachment":"scroll","background-type":"","background-media":"","overlay-type":"","overlay-color":"","overlay-opacity":"","overlay-gradient":""},"tablet":{"background-color":"","background-image":"","background-repeat":"repeat","background-position":"center center","background-size":"auto","background-attachment":"scroll","background-type":"","background-media":"","overlay-type":"","overlay-color":"","overlay-opacity":"","overlay-gradient":""},"mobile":{"background-color":"","background-image":"","background-repeat":"repeat","background-position":"center center","background-size":"auto","background-attachment":"scroll","background-type":"","background-media":"","overlay-type":"","overlay-color":"","overlay-opacity":"","overlay-gradient":""}},"ast-content-background-meta":{"desktop":{"background-color":"var(--ast-global-color-5)","background-image":"","background-repeat":"repeat","background-position":"center center","background-size":"auto","background-attachment":"scroll","background-type":"","background-media":"","overlay-type":"","overlay-color":"","overlay-opacity":"","overlay-gradient":""},"tablet":{"background-color":"var(--ast-global-color-5)","background-image":"","background-repeat":"repeat","background-position":"center center","background-size":"auto","background-attachment":"scroll","background-type":"","background-media":"","overlay-type":"","overlay-color":"","overlay-opacity":"","overlay-gradient":""},"mobile":{"background-color":"var(--ast-global-color-5)","background-image":"","background-repeat":"repeat","background-position":"center center","background-size":"auto","background-attachment":"scroll","background-type":"","background-media":"","overlay-type":"","overlay-color":"","overlay-opacity":"","overlay-gradient":""}},"footnotes":""},"class_list":["post-2666","page","type-page","status-publish","hentry"],"aioseo_notices":[],"_hostinger_reach_plugin_has_subscription_block":false,"_hostinger_reach_plugin_is_elementor":false,"uagb_featured_image_src":{"full":false,"thumbnail":false,"medium":false,"medium_large":false,"large":false,"1536x1536":false,"2048x2048":false,"trp-custom-language-flag":false},"uagb_author_info":{"display_name":"yairvaldo14@gmail.com","author_link":"https:\/\/ideasalcubo.com.mx\/en\/author\/yairvaldo14gmail-com\/"},"uagb_comment_info":0,"uagb_excerpt":"Estructura para crecer con claridad. Tener un buen producto no es suficiente si el mercado no entiende qu\u00e9 te hace [&hellip;]","_links":{"self":[{"href":"https:\/\/ideasalcubo.com.mx\/en\/wp-json\/wp\/v2\/pages\/2666","targetHints":{"allow":["GET"]}}],"collection":[{"href":"https:\/\/ideasalcubo.com.mx\/en\/wp-json\/wp\/v2\/pages"}],"about":[{"href":"https:\/\/ideasalcubo.com.mx\/en\/wp-json\/wp\/v2\/types\/page"}],"author":[{"embeddable":true,"href":"https:\/\/ideasalcubo.com.mx\/en\/wp-json\/wp\/v2\/users\/1"}],"replies":[{"embeddable":true,"href":"https:\/\/ideasalcubo.com.mx\/en\/wp-json\/wp\/v2\/comments?post=2666"}],"version-history":[{"count":10,"href":"https:\/\/ideasalcubo.com.mx\/en\/wp-json\/wp\/v2\/pages\/2666\/revisions"}],"predecessor-version":[{"id":2942,"href":"https:\/\/ideasalcubo.com.mx\/en\/wp-json\/wp\/v2\/pages\/2666\/revisions\/2942"}],"up":[{"embeddable":true,"href":"https:\/\/ideasalcubo.com.mx\/en\/wp-json\/wp\/v2\/pages\/1976"}],"wp:attachment":[{"href":"https:\/\/ideasalcubo.com.mx\/en\/wp-json\/wp\/v2\/media?parent=2666"}],"curies":[{"name":"wp","href":"https:\/\/api.w.org\/{rel}","templated":true}]}}