{"id":2660,"date":"2026-03-11T11:16:39","date_gmt":"2026-03-11T11:16:39","guid":{"rendered":"https:\/\/ideasalcubo.com.mx\/?page_id=2660"},"modified":"2026-03-27T06:27:15","modified_gmt":"2026-03-27T06:27:15","slug":"naming-identidad-verbal","status":"publish","type":"page","link":"https:\/\/ideasalcubo.com.mx\/en\/estrategia-and-consultoria-3\/naming-identidad-verbal\/","title":{"rendered":"Naming &amp; Identidad Verbal"},"content":{"rendered":"<div class=\"wp-block-cover alignfull has-parallax\"><div class=\"wp-block-cover__image-background wp-image-2784 size-large has-parallax\" style=\"background-position:50% 50%;background-image:url(https:\/\/ideasalcubo.com.mx\/wp-content\/uploads\/2026\/03\/23080629-727d-4e3c-895d-dabf7134199e-1024x572.jpg)\"><\/div><span aria-hidden=\"true\" class=\"wp-block-cover__background has-ast-global-color-5-background-color has-background-dim-80 has-background-dim\"><\/span><div class=\"wp-block-cover__inner-container is-layout-constrained wp-block-cover-is-layout-constrained\">\n<div class=\"wp-block-uagb-advanced-heading uagb-block-686afca1\"><h1 class=\"uagb-heading-text\">Naming &amp; Identidad Verbal<\/h1><\/div>\n<\/div><\/div>\n\n\n\n<div style=\"height:100px\" aria-hidden=\"true\" class=\"wp-block-spacer\"><\/div>\n\n\n\n<div class=\"wp-block-uagb-container uagb-block-4c1ddfd9 alignfull uagb-is-root-container\"><div class=\"uagb-container-inner-blocks-wrap\">\n<div class=\"wp-block-uagb-container uagb-block-441e41ba\">\n<div class=\"wp-block-uagb-advanced-heading uagb-block-764e7929\"><h3 class=\"uagb-heading-text\">El activo m\u00e1s duradero de tu empresa.<\/h3><\/div>\n\n\n\n<p class=\"has-medium-font-size\">Un nombre no es solo una palabra; es la base de toda tu estrategia comercial. En un mercado saturado, un naming estrat\u00e9gico es la diferencia entre ser una ignorado o ser la primera elecci\u00f3n. En <strong>Ideas al Cubo<\/strong>, creamos identidades memorables, con significado profundo y, sobre todo, con la viabilidad t\u00e9cnica y legal necesaria para que tu marca nazca protegida.<\/p>\n\n\n\n<div class=\"wp-block-uagb-advanced-heading uagb-block-f22fbc49\"><h3 class=\"uagb-heading-text\"><strong>El Riesgo de un mal Naming<\/strong><\/h3><p class=\"uagb-desc-text\"><strong>\u00bfSab\u00edas que el 70% de los emprendedores eligen nombres que no pueden registrar legalmente?<\/strong><\/p><\/div>\n\n\n\n<p>Lanzar una marca sin verificar su viabilidad ante el <strong>IMPI<\/strong> es un riesgo cr\u00edtico que puede obligarte a un redise\u00f1o total y p\u00e9rdida de inversi\u00f3n. En <strong>Ideas al Cubo<\/strong>, eliminamos esa incertidumbre mediante un an\u00e1lisis profundo que asegura que tu nombre sea \u00fanico y registrable.<\/p>\n<\/div>\n\n\n\n<div class=\"wp-block-uagb-container uagb-block-307c4889\">\n<div class=\"wp-block-uagb-image uagb-block-404a5203 wp-block-uagb-image--layout-default wp-block-uagb-image--effect-static wp-block-uagb-image--align-none\"><figure class=\"wp-block-uagb-image__figure\"><img decoding=\"async\" srcset=\"https:\/\/ideasalcubo.com.mx\/wp-content\/uploads\/2025\/11\/download-5.png ,https:\/\/ideasalcubo.com.mx\/wp-content\/uploads\/2025\/11\/download-5.png 780w, https:\/\/ideasalcubo.com.mx\/wp-content\/uploads\/2025\/11\/download-5.png 360w\" sizes=\"auto, (max-width: 480px) 150px\" src=\"https:\/\/ideasalcubo.com.mx\/wp-content\/uploads\/2025\/11\/download-5.png\" alt=\"\" class=\"uag-image-2198\" width=\"1024\" height=\"1024\" title=\"download (5)\" loading=\"lazy\" role=\"img\"\/><\/figure><\/div>\n<\/div>\n<\/div><\/div>\n\n\n\n<header class=\"wp-block-uagb-advanced-heading uagb-block-1586c596\"><h3 class=\"uagb-heading-text\">Nuestra Metodolog\u00eda de Creaci\u00f3n<\/h3><p class=\"uagb-desc-text\">No usamos generadores autom\u00e1ticos. Aplicamos un proceso de tres capas para garantizar que tu marca sea funcional en el mundo real:<\/p><\/header>\n\n\n\n<div class=\"wp-block-uagb-container uagb-block-599f281d alignfull uagb-is-root-container\"><div class=\"uagb-container-inner-blocks-wrap\">\n<div class=\"wp-block-uagb-container uagb-block-c67bd7d2\">\n<div class=\"wp-block-uagb-info-box uagb-block-f82d4165 uagb-infobox__content-wrap  uagb-infobox-icon-above-title uagb-infobox-image-valign-top\"><div class=\"uagb-ifb-content\"><div class=\"uagb-ifb-image-content\"><img decoding=\"async\" src=\"https:\/\/ideasalcubo.com.mx\/wp-content\/uploads\/2026\/03\/ADN-ico-150x150.webp\" alt=\"\" width=\"\" height=\"0\" loading=\"lazy\"\/><\/div><div class=\"uagb-ifb-title-wrap\"><h3 class=\"uagb-ifb-title\">An\u00e1lisis de ADN y Mercado<\/h3><\/div><p class=\"uagb-ifb-desc\">Buscamos el &#8220;espacio en blanco&#8221; donde tu nombre destaque frente a la competencia y sea f\u00e1cil de recordar para tu cliente ideal.<\/p><\/div><\/div>\n<\/div>\n\n\n\n<div class=\"wp-block-uagb-container uagb-block-10c5ec37\">\n<div class=\"wp-block-uagb-info-box uagb-block-1e11f0ae uagb-infobox__content-wrap  uagb-infobox-icon-above-title uagb-infobox-image-valign-top\"><div class=\"uagb-ifb-content\"><div class=\"uagb-ifb-image-content\"><img decoding=\"async\" src=\"https:\/\/ideasalcubo.com.mx\/wp-content\/uploads\/2026\/03\/dominios-ico-150x150.webp\" alt=\"\" width=\"\" height=\"0\" loading=\"lazy\"\/><\/div><div class=\"uagb-ifb-title-wrap\"><h3 class=\"uagb-ifb-title\">B\u00fasqueda y Gesti\u00f3n de Dominios Web<\/h3><\/div><p class=\"uagb-ifb-desc\">Parte fundamental de nuestro proceso es asegurar tu presencia digital. Realizamos una b\u00fasqueda exhaustiva de disponibilidad de dominios (<code>.com<\/code>, <code>.mx<\/code>, <code>.com.mx<\/code>) y nombres de usuario en redes sociales, para que tu ecosistema digital sea coherente desde el d\u00eda uno.<\/p><\/div><\/div>\n<\/div>\n\n\n\n<div class=\"wp-block-uagb-container uagb-block-ef244ca7\">\n<div class=\"wp-block-uagb-info-box uagb-block-b3cf8c0e uagb-infobox__content-wrap  uagb-infobox-icon-above-title uagb-infobox-image-valign-top\"><div class=\"uagb-ifb-content\"><div class=\"uagb-ifb-image-content\"><img decoding=\"async\" src=\"https:\/\/ideasalcubo.com.mx\/wp-content\/uploads\/2026\/03\/Filtro-ico-150x150.webp\" alt=\"\" width=\"\" height=\"0\" loading=\"lazy\"\/><\/div><div class=\"uagb-ifb-title-wrap\"><h3 class=\"uagb-ifb-title\">Filtro de Viabilidad Legal (IMPI)<\/h3><\/div><p class=\"uagb-ifb-desc\">Cada propuesta pasa por una revisi\u00f3n fon\u00e9tica preventiva. Verificamos que tu marca tenga altas probabilidades de registro exitoso, evitando conflictos con marcas ya existentes.<\/p><\/div><\/div>\n<\/div>\n<\/div><\/div>\n\n\n\n<div class=\"wp-block-uagb-container uagb-block-255c0b53 alignfull uagb-is-root-container\"><div class=\"uagb-container-inner-blocks-wrap\">\n<div class=\"wp-block-uagb-container uagb-block-bc356671\">\n<div class=\"wp-block-uagb-image uagb-block-c4d7ae77 wp-block-uagb-image--layout-default wp-block-uagb-image--effect-static wp-block-uagb-image--align-none\"><figure class=\"wp-block-uagb-image__figure\"><img decoding=\"async\" srcset=\"https:\/\/ideasalcubo.com.mx\/wp-content\/uploads\/2025\/11\/download-5.png ,https:\/\/ideasalcubo.com.mx\/wp-content\/uploads\/2025\/11\/download-5.png 780w, https:\/\/ideasalcubo.com.mx\/wp-content\/uploads\/2025\/11\/download-5.png 360w\" sizes=\"auto, (max-width: 480px) 150px\" src=\"https:\/\/ideasalcubo.com.mx\/wp-content\/uploads\/2025\/11\/download-5.png\" alt=\"\" class=\"uag-image-2198\" width=\"1024\" height=\"1024\" title=\"download (5)\" loading=\"lazy\" role=\"img\"\/><\/figure><\/div>\n<\/div>\n\n\n\n<div class=\"wp-block-uagb-container uagb-block-87d9899a\">\n<div class=\"wp-block-uagb-advanced-heading uagb-block-ac549faf\"><h3 class=\"uagb-heading-text\"><strong>Mucho m\u00e1s que una lista de palabras.<\/strong><\/h3><p class=\"uagb-desc-text\">Recibir\u00e1s un <strong>Dossier Estrat\u00e9gico<\/strong> que incluye:<\/p><\/div>\n\n\n\n<ul class=\"wp-block-list\">\n<li><strong>Propuestas Finalistas:<\/strong> Opciones seleccionadas con su debida justificaci\u00f3n de negocio.<\/li>\n\n\n\n<li><strong>Reporte de Disponibilidad Digital:<\/strong> Estatus de dominios web y redes sociales disponibles para tu compra inmediata.<\/li>\n\n\n\n<li><strong>An\u00e1lisis de Registro:<\/strong> Resultados de la b\u00fasqueda preventiva fon\u00e9tica ante autoridades de propiedad intelectual.<\/li>\n\n\n\n<li><strong>Tagline y Voz de Marca:<\/strong> La frase de impacto (eslogan) y las pautas de c\u00f3mo debe &#8220;hablar&#8221; tu marca para conectar con su audiencia.<\/li>\n<\/ul>\n\n\n\n<div class=\"wp-block-uagb-advanced-heading uagb-block-4dc59227\"><h3 class=\"uagb-heading-text\"><strong>Una marca lista para el mercado real.<\/strong><\/h3><\/div>\n\n\n\n<p>Al finalizar, tendr\u00e1s un nombre que no solo suena profesional, sino que es un escudo para tu negocio. Una identidad verbal que facilita la venta, genera confianza inmediata y simplifica todos tus esfuerzos de marketing futuros.<\/p>\n\n\n\n<div class=\"wp-block-uagb-call-to-action uagb-block-3ce9b908 wp-block-button\"><div class=\"uagb-cta__wrap\"><h3 class=\"uagb-cta__title\"><strong>Dale a tu proyecto el nombre que merece.<\/strong><\/h3><p class=\"uagb-cta__desc\">No dejes el activo m\u00e1s importante de tu empresa al azar. Construyamos juntos una marca que sea imposible de ignorar y digitalmente disponible.<\/p><\/div><div class=\"uagb-cta__buttons\"><a href=\"#\" class=\"uagb-cta__button-link-wrapper wp-block-button__link\" target=\"_self\" rel=\"noopener noreferrer\">Iniciar mi Proyecto de Naming<svg xmlns=\"https:\/\/www.w3.org\/2000\/svg\" viewbox=\"0 0 512 512\"><path d=\"M504.3 273.6l-112.1 104c-6.992 6.484-17.18 8.218-25.94 4.406c-8.758-3.812-14.42-12.45-14.42-21.1L351.9 288H32C14.33 288 .0002 273.7 .0002 255.1S14.33 224 32 224h319.9l0-72c0-9.547 5.66-18.19 14.42-22c8.754-3.809 18.95-2.075 25.94 4.41l112.1 104C514.6 247.9 514.6 264.1 504.3 273.6z\"><\/path><\/svg><\/a><\/div><\/div>\n<\/div>\n<\/div><\/div>\n\n\n\n<p><\/p>","protected":false},"excerpt":{"rendered":"<p>El activo m\u00e1s duradero de tu empresa. Un nombre no es solo una palabra; es la base de toda tu [&hellip;]<\/p>\n","protected":false},"author":1,"featured_media":0,"parent":1976,"menu_order":0,"comment_status":"closed","ping_status":"closed","template":"","meta":{"content-type":"","_uag_custom_page_level_css":"","site-sidebar-layout":"default","site-content-layout":"","ast-site-content-layout":"default","site-content-style":"default","site-sidebar-style":"default","ast-global-header-display":"","ast-banner-title-visibility":"","ast-main-header-display":"","ast-hfb-above-header-display":"","ast-hfb-below-header-display":"","ast-hfb-mobile-header-display":"","site-post-title":"disabled","ast-breadcrumbs-content":"","ast-featured-img":"","footer-sml-layout":"","ast-disable-related-posts":"","theme-transparent-header-meta":"","adv-header-id-meta":"","stick-header-meta":"","header-above-stick-meta":"","header-main-stick-meta":"","header-below-stick-meta":"","astra-migrate-meta-layouts":"set","ast-page-background-enabled":"default","ast-page-background-meta":{"desktop":{"background-color":"var(--ast-global-color-4)","background-image":"","background-repeat":"repeat","background-position":"center center","background-size":"auto","background-attachment":"scroll","background-type":"","background-media":"","overlay-type":"","overlay-color":"","overlay-opacity":"","overlay-gradient":""},"tablet":{"background-color":"","background-image":"","background-repeat":"repeat","background-position":"center center","background-size":"auto","background-attachment":"scroll","background-type":"","background-media":"","overlay-type":"","overlay-color":"","overlay-opacity":"","overlay-gradient":""},"mobile":{"background-color":"","background-image":"","background-repeat":"repeat","background-position":"center center","background-size":"auto","background-attachment":"scroll","background-type":"","background-media":"","overlay-type":"","overlay-color":"","overlay-opacity":"","overlay-gradient":""}},"ast-content-background-meta":{"desktop":{"background-color":"var(--ast-global-color-5)","background-image":"","background-repeat":"repeat","background-position":"center center","background-size":"auto","background-attachment":"scroll","background-type":"","background-media":"","overlay-type":"","overlay-color":"","overlay-opacity":"","overlay-gradient":""},"tablet":{"background-color":"var(--ast-global-color-5)","background-image":"","background-repeat":"repeat","background-position":"center center","background-size":"auto","background-attachment":"scroll","background-type":"","background-media":"","overlay-type":"","overlay-color":"","overlay-opacity":"","overlay-gradient":""},"mobile":{"background-color":"var(--ast-global-color-5)","background-image":"","background-repeat":"repeat","background-position":"center center","background-size":"auto","background-attachment":"scroll","background-type":"","background-media":"","overlay-type":"","overlay-color":"","overlay-opacity":"","overlay-gradient":""}},"footnotes":""},"class_list":["post-2660","page","type-page","status-publish","hentry"],"aioseo_notices":[],"_hostinger_reach_plugin_has_subscription_block":false,"_hostinger_reach_plugin_is_elementor":false,"uagb_featured_image_src":{"full":false,"thumbnail":false,"medium":false,"medium_large":false,"large":false,"1536x1536":false,"2048x2048":false,"trp-custom-language-flag":false},"uagb_author_info":{"display_name":"yairvaldo14@gmail.com","author_link":"https:\/\/ideasalcubo.com.mx\/en\/author\/yairvaldo14gmail-com\/"},"uagb_comment_info":0,"uagb_excerpt":"El activo m\u00e1s duradero de tu empresa. Un nombre no es solo una palabra; es la base de toda tu [&hellip;]","_links":{"self":[{"href":"https:\/\/ideasalcubo.com.mx\/en\/wp-json\/wp\/v2\/pages\/2660","targetHints":{"allow":["GET"]}}],"collection":[{"href":"https:\/\/ideasalcubo.com.mx\/en\/wp-json\/wp\/v2\/pages"}],"about":[{"href":"https:\/\/ideasalcubo.com.mx\/en\/wp-json\/wp\/v2\/types\/page"}],"author":[{"embeddable":true,"href":"https:\/\/ideasalcubo.com.mx\/en\/wp-json\/wp\/v2\/users\/1"}],"replies":[{"embeddable":true,"href":"https:\/\/ideasalcubo.com.mx\/en\/wp-json\/wp\/v2\/comments?post=2660"}],"version-history":[{"count":4,"href":"https:\/\/ideasalcubo.com.mx\/en\/wp-json\/wp\/v2\/pages\/2660\/revisions"}],"predecessor-version":[{"id":2951,"href":"https:\/\/ideasalcubo.com.mx\/en\/wp-json\/wp\/v2\/pages\/2660\/revisions\/2951"}],"up":[{"embeddable":true,"href":"https:\/\/ideasalcubo.com.mx\/en\/wp-json\/wp\/v2\/pages\/1976"}],"wp:attachment":[{"href":"https:\/\/ideasalcubo.com.mx\/en\/wp-json\/wp\/v2\/media?parent=2660"}],"curies":[{"name":"wp","href":"https:\/\/api.w.org\/{rel}","templated":true}]}}