{"id":2654,"date":"2026-03-11T10:09:14","date_gmt":"2026-03-11T10:09:14","guid":{"rendered":"https:\/\/ideasalcubo.com.mx\/diagnostico-de-ecosistema-digital-360\/"},"modified":"2026-04-08T05:30:16","modified_gmt":"2026-04-08T11:30:16","slug":"diagnostico-de-ecosistema-digital-360","status":"publish","type":"page","link":"https:\/\/ideasalcubo.com.mx\/en\/estrategia-and-consultoria-3\/diagnostico-de-ecosistema-digital-360\/","title":{"rendered":"Diagn\u00f3stico de Ecosistema Digital (360\u00b0)"},"content":{"rendered":"<div class=\"wp-block-cover alignfull has-parallax\"><div class=\"wp-block-cover__image-background wp-image-2782 size-large has-parallax\" style=\"background-position:50% 50%;background-image:url(https:\/\/ideasalcubo.com.mx\/wp-content\/uploads\/2026\/03\/download-1-1024x572.webp)\"><\/div><span aria-hidden=\"true\" class=\"wp-block-cover__background has-ast-global-color-5-background-color has-background-dim-80 has-background-dim\"><\/span><div class=\"wp-block-cover__inner-container is-layout-constrained wp-block-cover-is-layout-constrained\">\n<div class=\"wp-block-uagb-advanced-heading uagb-block-8be72df3\"><h2 class=\"uagb-heading-text\">Diagn\u00f3stico de Ecosistema Digital (360\u00b0)<\/h2><\/div>\n<\/div><\/div>\n\n\n\n<div data-aos= \"flip-down\" data-aos-duration=\"400\" data-aos-delay=\"0\" data-aos-easing=\"ease\" data-aos-once=\"true\" class=\"wp-block-uagb-container uagb-block-1893bffe alignfull uagb-is-root-container\"><div class=\"uagb-container-inner-blocks-wrap\">\n<div data-aos= \"flip-down\" data-aos-duration=\"400\" data-aos-delay=\"0\" data-aos-easing=\"ease\" data-aos-once=\"true\" class=\"wp-block-uagb-container uagb-block-da57c896\">\n<div data-aos= \"flip-down\" data-aos-duration=\"400\" data-aos-delay=\"0\" data-aos-easing=\"ease\" data-aos-once=\"true\" class=\"wp-block-uagb-advanced-heading uagb-block-11531545\"><h2 class=\"uagb-heading-text\">Deja de adivinar y empieza a medir<\/h2><\/div>\n\n\n\n<p class=\"has-medium-font-size\">La mayor\u00eda de las empresas no tienen un problema de falta de herramientas, sino de falta de conexi\u00f3n entre ellas. Un p\u00edxel mal instalado o una p\u00e1gina con carga lenta pueden estar saboteando tus esfuerzos de marketing sin que te des cuenta. En <strong>Ideas al Cubo<\/strong>, entramos bajo el cap\u00f3 de tu presencia digital para detectar exactamente d\u00f3nde se est\u00e1 perdiendo tu dinero.<\/p>\n\n\n\n<div data-aos= \"flip-down\" data-aos-duration=\"400\" data-aos-delay=\"0\" data-aos-easing=\"ease\" data-aos-once=\"true\" class=\"wp-block-uagb-advanced-heading uagb-block-6be3020a\"><h3 class=\"uagb-heading-text\"><strong>No puedes optimizar lo que no puedes medir.<\/strong><\/h3><\/div>\n\n\n\n<p class=\"has-medium-font-size\">Un ecosistema digital saludable es la base de cualquier estrategia de crecimiento. Si tu infraestructura t\u00e9cnica tiene fugas, meterle m\u00e1s presupuesto a la publicidad es como intentar llenar un balde agujereado. Nuestro diagn\u00f3stico 360\u00b0 identifica esos puntos ciegos antes de que escales tu inversi\u00f3n.<\/p>\n<\/div>\n\n\n\n<div data-aos= \"flip-down\" data-aos-duration=\"400\" data-aos-delay=\"0\" data-aos-easing=\"ease\" data-aos-once=\"true\" class=\"wp-block-uagb-container uagb-block-9b62c697\"><\/div>\n<\/div><\/div>\n\n\n\n<div data-aos= \"flip-down\" data-aos-duration=\"400\" data-aos-delay=\"0\" data-aos-easing=\"ease\" data-aos-once=\"true\" class=\"wp-block-uagb-container uagb-block-8df85f1d alignfull uagb-is-root-container\"><div class=\"uagb-container-inner-blocks-wrap\">\n<div data-aos= \"flip-down\" data-aos-duration=\"400\" data-aos-delay=\"0\" data-aos-easing=\"ease\" data-aos-once=\"true\" class=\"wp-block-uagb-container uagb-block-862a63b6\">\n<div data-aos= \"flip-down\" data-aos-duration=\"400\" data-aos-delay=\"0\" data-aos-easing=\"ease\" data-aos-once=\"true\" class=\"wp-block-uagb-info-box uagb-block-d626174d uagb-infobox__content-wrap  uagb-infobox-icon-above-title uagb-infobox-image-valign-top\"><div class=\"uagb-ifb-content\"><div class=\"uagb-ifb-image-content\"><img decoding=\"async\" src=\"https:\/\/ideasalcubo.com.mx\/wp-content\/uploads\/2026\/03\/estructura-ico-150x150.webp\" alt=\"\" width=\"\" height=\"0\" loading=\"lazy\"\/><\/div><div class=\"uagb-ifb-title-wrap\"><h3 class=\"uagb-ifb-title\">Auditor\u00eda de Infraestructura y Rendimiento<\/h3><\/div><p class=\"uagb-ifb-desc\">Analizamos la salud t\u00e9cnica de tu sitio web o e-commerce. Revisamos desde la velocidad de carga y la respuesta del servidor hasta el SEO t\u00e9cnico y la experiencia de usuario (UX).<\/p><\/div><\/div>\n<\/div>\n\n\n\n<div class=\"wp-block-uagb-container uagb-block-68ef84d3\">\n<div data-aos= \"flip-down\" data-aos-duration=\"400\" data-aos-delay=\"0\" data-aos-easing=\"ease\" data-aos-once=\"true\" class=\"wp-block-uagb-info-box uagb-block-2cc717f4 uagb-infobox__content-wrap  uagb-infobox-icon-above-title uagb-infobox-image-valign-top\"><div class=\"uagb-ifb-content\"><div class=\"uagb-ifb-image-content\"><img decoding=\"async\" src=\"https:\/\/ideasalcubo.com.mx\/wp-content\/uploads\/2026\/03\/Awareness-ico-150x150.webp\" alt=\"\" width=\"\" height=\"0\" loading=\"lazy\"\/><\/div><div class=\"uagb-ifb-title-wrap\"><h3 class=\"uagb-ifb-title\">Integridad de Medici\u00f3n y Tracking<\/h3><\/div><p class=\"uagb-ifb-desc\">Validamos que tus herramientas de anal\u00edtica (<strong>Google Tag Manager y GA4<\/strong>) est\u00e9n capturando conversiones reales. Verificamos la correcta implementaci\u00f3n de p\u00edxeles y eventos para que tus datos sean 100% confiables.<\/p><\/div><\/div>\n<\/div>\n\n\n\n<div data-aos= \"flip-down\" data-aos-duration=\"400\" data-aos-delay=\"0\" data-aos-easing=\"ease\" data-aos-once=\"true\" class=\"wp-block-uagb-container uagb-block-9dcb940b\">\n<div class=\"wp-block-uagb-info-box uagb-block-13154dae uagb-infobox__content-wrap  uagb-infobox-icon-above-title uagb-infobox-image-valign-top\"><div class=\"uagb-ifb-content\"><div class=\"uagb-ifb-image-content\"><img decoding=\"async\" src=\"https:\/\/ideasalcubo.com.mx\/wp-content\/uploads\/2026\/03\/lupa-ico-150x150.webp\" alt=\"\" width=\"\" height=\"0\" loading=\"lazy\"\/><\/div><div class=\"uagb-ifb-title-wrap\"><h3 class=\"uagb-ifb-title\">Evaluaci\u00f3n de Canales y Estrategia<\/h3><\/div><p class=\"uagb-ifb-desc\">Auditamos tus campa\u00f1as actuales de pauta y flujos de contenido. Analizamos el rendimiento hist\u00f3rico para encontrar oportunidades de mejora en el costo por adquisici\u00f3n (CPA) y la relevancia de tu mensaje.<\/p><\/div><\/div>\n<\/div>\n<\/div><\/div>\n\n\n\n<div data-aos= \"flip-down\" data-aos-duration=\"400\" data-aos-delay=\"0\" data-aos-easing=\"ease\" data-aos-once=\"true\" class=\"wp-block-uagb-container uagb-block-01c9cd8f alignfull uagb-is-root-container\"><div class=\"uagb-container-inner-blocks-wrap\">\n<div class=\"wp-block-uagb-container uagb-block-2a90dfd5\"><\/div>\n\n\n\n<div data-aos= \"flip-down\" data-aos-duration=\"400\" data-aos-delay=\"0\" data-aos-easing=\"ease\" data-aos-once=\"true\" class=\"wp-block-uagb-container uagb-block-3e23e707\">\n<div class=\"wp-block-uagb-advanced-heading uagb-block-8f50b486\"><h4 class=\"uagb-heading-text\"><strong>Tu hoja de ruta hacia la rentabilidad.<\/strong><\/h4><p class=\"uagb-desc-text\">Al finalizar el diagn\u00f3stico, no solo recibir\u00e1s datos; recibir\u00e1s claridad. Te entregamos un <strong>Reporte Estrat\u00e9gico<\/strong> detallado con un sem\u00e1foro de prioridades:<\/p><\/div>\n\n\n\n<ul class=\"wp-block-list\">\n<li class=\"has-ast-global-color-4-color has-text-color has-link-color has-medium-font-size wp-elements-5ea20c71c8d102b7ffca858edcd905e1\" style=\"margin-bottom:var(--wp--preset--spacing--40)\"><strong>Cr\u00edtico:<\/strong> Errores t\u00e9cnicos que deben corregirse de inmediato para evitar fugas de presupuesto.<\/li>\n\n\n\n<li class=\"has-ast-global-color-4-color has-text-color has-link-color has-medium-font-size wp-elements-da686119be5dee308d3a3498fd3c7742\" style=\"margin-bottom:var(--wp--preset--spacing--40)\"><strong>Optimizable:<\/strong> Mejoras que incrementar\u00e1n tu tasa de conversi\u00f3n a mediano plazo.<\/li>\n\n\n\n<li class=\"has-ast-global-color-4-color has-text-color has-link-color has-medium-font-size wp-elements-bd6ef3d80c841bb36aea546689ba301d\" style=\"margin-bottom:var(--wp--preset--spacing--40)\"><strong>Oportunidad:<\/strong> Nuevas rutas de crecimiento basadas en los hallazgos del an\u00e1lisis.<\/li>\n<\/ul>\n\n\n\n<footer class=\"wp-block-uagb-call-to-action uagb-block-e3b0c979 wp-block-button\"><div data-aos= \"flip-down\" data-aos-duration=\"400\" data-aos-delay=\"0\" data-aos-easing=\"ease\" data-aos-once=\"true\" class=\"uagb-cta__wrap\"><h3 class=\"uagb-cta__title\"><strong>Es momento de tomar el control de tus datos.<\/strong><\/h3><p class=\"uagb-cta__desc\">No dejes el \u00e9xito de tu empresa al azar. Un diagn\u00f3stico a tiempo es la diferencia entre una marca que sobrevive y una que domina su mercado.<\/p><\/div><div class=\"uagb-cta__buttons\"><a href=\"https:\/\/ideasalcubo.com.mx\/contacto\/\" class=\"uagb-cta__button-link-wrapper wp-block-button__link\" target=\"_self\" rel=\"noopener noreferrer\">Solicitar Diagn\u00f3stico T\u00e9cnico<\/a><\/div><\/footer>\n<\/div>\n<\/div><\/div>\n\n\n\n<p><\/p>","protected":false},"excerpt":{"rendered":"<p>Deja de adivinar y empieza a medir La mayor\u00eda de las empresas no tienen un problema de falta de herramientas, [&hellip;]<\/p>\n","protected":false},"author":1,"featured_media":0,"parent":1976,"menu_order":0,"comment_status":"closed","ping_status":"closed","template":"","meta":{"content-type":"","_uag_custom_page_level_css":"","site-sidebar-layout":"default","site-content-layout":"","ast-site-content-layout":"default","site-content-style":"default","site-sidebar-style":"default","ast-global-header-display":"","ast-banner-title-visibility":"","ast-main-header-display":"","ast-hfb-above-header-display":"","ast-hfb-below-header-display":"","ast-hfb-mobile-header-display":"","site-post-title":"disabled","ast-breadcrumbs-content":"","ast-featured-img":"","footer-sml-layout":"","ast-disable-related-posts":"","theme-transparent-header-meta":"","adv-header-id-meta":"","stick-header-meta":"","header-above-stick-meta":"","header-main-stick-meta":"","header-below-stick-meta":"","astra-migrate-meta-layouts":"set","ast-page-background-enabled":"default","ast-page-background-meta":{"desktop":{"background-color":"var(--ast-global-color-4)","background-image":"","background-repeat":"repeat","background-position":"center center","background-size":"auto","background-attachment":"scroll","background-type":"","background-media":"","overlay-type":"","overlay-color":"","overlay-opacity":"","overlay-gradient":""},"tablet":{"background-color":"","background-image":"","background-repeat":"repeat","background-position":"center center","background-size":"auto","background-attachment":"scroll","background-type":"","background-media":"","overlay-type":"","overlay-color":"","overlay-opacity":"","overlay-gradient":""},"mobile":{"background-color":"","background-image":"","background-repeat":"repeat","background-position":"center center","background-size":"auto","background-attachment":"scroll","background-type":"","background-media":"","overlay-type":"","overlay-color":"","overlay-opacity":"","overlay-gradient":""}},"ast-content-background-meta":{"desktop":{"background-color":"var(--ast-global-color-5)","background-image":"","background-repeat":"repeat","background-position":"center center","background-size":"auto","background-attachment":"scroll","background-type":"","background-media":"","overlay-type":"","overlay-color":"","overlay-opacity":"","overlay-gradient":""},"tablet":{"background-color":"var(--ast-global-color-5)","background-image":"","background-repeat":"repeat","background-position":"center center","background-size":"auto","background-attachment":"scroll","background-type":"","background-media":"","overlay-type":"","overlay-color":"","overlay-opacity":"","overlay-gradient":""},"mobile":{"background-color":"var(--ast-global-color-5)","background-image":"","background-repeat":"repeat","background-position":"center center","background-size":"auto","background-attachment":"scroll","background-type":"","background-media":"","overlay-type":"","overlay-color":"","overlay-opacity":"","overlay-gradient":""}},"footnotes":""},"class_list":["post-2654","page","type-page","status-publish","hentry"],"aioseo_notices":[],"_hostinger_reach_plugin_has_subscription_block":false,"_hostinger_reach_plugin_is_elementor":false,"uagb_featured_image_src":{"full":false,"thumbnail":false,"medium":false,"medium_large":false,"large":false,"1536x1536":false,"2048x2048":false,"trp-custom-language-flag":false},"uagb_author_info":{"display_name":"yairvaldo14@gmail.com","author_link":"https:\/\/ideasalcubo.com.mx\/en\/author\/yairvaldo14gmail-com\/"},"uagb_comment_info":0,"uagb_excerpt":"Deja de adivinar y empieza a medir La mayor\u00eda de las empresas no tienen un problema de falta de herramientas, [&hellip;]","_links":{"self":[{"href":"https:\/\/ideasalcubo.com.mx\/en\/wp-json\/wp\/v2\/pages\/2654","targetHints":{"allow":["GET"]}}],"collection":[{"href":"https:\/\/ideasalcubo.com.mx\/en\/wp-json\/wp\/v2\/pages"}],"about":[{"href":"https:\/\/ideasalcubo.com.mx\/en\/wp-json\/wp\/v2\/types\/page"}],"author":[{"embeddable":true,"href":"https:\/\/ideasalcubo.com.mx\/en\/wp-json\/wp\/v2\/users\/1"}],"replies":[{"embeddable":true,"href":"https:\/\/ideasalcubo.com.mx\/en\/wp-json\/wp\/v2\/comments?post=2654"}],"version-history":[{"count":14,"href":"https:\/\/ideasalcubo.com.mx\/en\/wp-json\/wp\/v2\/pages\/2654\/revisions"}],"predecessor-version":[{"id":3169,"href":"https:\/\/ideasalcubo.com.mx\/en\/wp-json\/wp\/v2\/pages\/2654\/revisions\/3169"}],"up":[{"embeddable":true,"href":"https:\/\/ideasalcubo.com.mx\/en\/wp-json\/wp\/v2\/pages\/1976"}],"wp:attachment":[{"href":"https:\/\/ideasalcubo.com.mx\/en\/wp-json\/wp\/v2\/media?parent=2654"}],"curies":[{"name":"wp","href":"https:\/\/api.w.org\/{rel}","templated":true}]}}