{"id":1976,"date":"2025-11-23T06:20:36","date_gmt":"2025-11-23T06:20:36","guid":{"rendered":"https:\/\/ideasalcubo.com.mx\/estrategia-and-consultoria-3\/"},"modified":"2026-03-24T06:57:00","modified_gmt":"2026-03-24T06:57:00","slug":"estrategia-and-consultoria-3","status":"publish","type":"page","link":"https:\/\/ideasalcubo.com.mx\/en\/estrategia-and-consultoria-3\/","title":{"rendered":"Estrategia &#038; Consultor\u00eda"},"content":{"rendered":"<div style=\"aspect-ratio:auto;min-height:unset;\" class=\"wp-block-cover alignfull has-parallax has-aspect-ratio\"><div class=\"wp-block-cover__image-background wp-image-2259 size-large has-parallax\" style=\"background-position:50% 50%;background-image:url(https:\/\/ideasalcubo.com.mx\/wp-content\/uploads\/2025\/11\/eyc-01-1-A3Qlr88QXQulEK6J-1024x640.webp)\"><\/div><span aria-hidden=\"true\" class=\"wp-block-cover__background has-ast-global-color-5-background-color has-background-dim-60 has-background-dim\"><\/span><div class=\"wp-block-cover__inner-container is-layout-constrained wp-block-cover-is-layout-constrained\">\n<div class=\"wp-block-uagb-advanced-heading uagb-block-118de0a2\"><h2 class=\"uagb-heading-text\">Estrategia &amp; Consultor\u00eda<\/h2><\/div>\n<\/div><\/div>\n\n\n\n<div style=\"height:100px\" aria-hidden=\"true\" class=\"wp-block-spacer\"><\/div>\n\n\n\n<div class=\"wp-block-uagb-container uagb-block-455e9fe0 alignfull uagb-is-root-container\"><div class=\"uagb-container-inner-blocks-wrap\">\n<div class=\"wp-block-uagb-container uagb-block-292c722c\">\n<div class=\"wp-block-uagb-image uagb-block-9ffc27cb wp-block-uagb-image--layout-default wp-block-uagb-image--effect-static wp-block-uagb-image--align-none\"><figure class=\"wp-block-uagb-image__figure\"><img decoding=\"async\" srcset=\"https:\/\/ideasalcubo.com.mx\/wp-content\/uploads\/2025\/11\/download-5.png ,https:\/\/ideasalcubo.com.mx\/wp-content\/uploads\/2025\/11\/download-5.png 780w, https:\/\/ideasalcubo.com.mx\/wp-content\/uploads\/2025\/11\/download-5.png 360w\" sizes=\"auto, (max-width: 480px) 150px\" src=\"https:\/\/ideasalcubo.com.mx\/wp-content\/uploads\/2025\/11\/download-5.png\" alt=\"\" class=\"uag-image-2198\" width=\"1024\" height=\"1024\" title=\"download (5)\" loading=\"lazy\" role=\"img\"\/><\/figure><\/div>\n<\/div>\n\n\n\n<div class=\"wp-block-uagb-container uagb-block-ebeabb25\">\n<p class=\"has-ast-global-color-0-color has-text-color has-link-color has-medium-font-size wp-elements-ac5d21037d6b3404868e17fe198117ed\">Muchos negocios hacen publicaciones, pagan anuncios o cambian su logo\u2026 pero siguen sin tener claro <strong>qu\u00e9 decir, a qui\u00e9n hablarle y por d\u00f3nde empezar<\/strong>.<\/p>\n\n\n\n<p class=\"has-ast-global-color-0-color has-text-color has-link-color has-medium-font-size wp-elements-eccd54fe3712b07a3b98ae6915d1d7c2\">En Ideas al Cubo primero ordenamos la casa. Nuestra \u00e1rea de <strong>Estrategia y Consultor\u00eda<\/strong> te ayuda a entender <strong>d\u00f3nde est\u00e1 hoy tu marca, qu\u00e9 la hace diferente y qu\u00e9 pasos seguir<\/strong> para que m\u00e1s personas te encuentren, te recuerden y te elijan.<\/p>\n\n\n\n<p class=\"has-ast-global-color-0-color has-text-color has-link-color has-medium-font-size wp-elements-0b569a811e9146bc872e85f62094f85b\">No se trata de tirar todo a la basura, sino de <strong>aprovechar lo que ya tienes<\/strong>, actualizarlo y ponerlo a trabajar a tu favor con un plan claro.<\/p>\n<\/div>\n<\/div><\/div>\n\n\n\n<div class=\"wp-block-uagb-container uagb-block-90913237 alignfull uagb-is-root-container\"><div class=\"uagb-container-inner-blocks-wrap\">\n<div class=\"wp-block-uagb-advanced-heading uagb-block-a23bcfd8\" id=\"estrategia-consultoria\"><h2 class=\"uagb-heading-text\">ESTRATEGiA &amp; CONSULTORIA<\/h2><\/div>\n\n\n\n<div class=\"wp-block-uagb-container uagb-block-1e47443f\">\n<div class=\"wp-block-uagb-info-box uagb-block-9606b868 uagb-infobox__content-wrap  uagb-infobox_cta-type-all uagb-infobox-icon-above-title uagb-infobox-image-valign-top\"><a href=\"https:\/\/ideasalcubo.com.mx\/arquitectura-de-marca-y-diferenciacion\/\" class=\"uagb-infobox-link-wrap uagb-infbox__link-to-all\" target=\"_self\" aria-label=\"Infobox Link\" rel=\"noopener noreferrer\" onclick=\"return true;\"><\/a><div class=\"uagb-ifb-content\"><div class=\"uagb-ifb-image-content\"><img decoding=\"async\" src=\"https:\/\/ideasalcubo.com.mx\/wp-content\/uploads\/2026\/03\/arquitec-y-difiren-150x150.webp\" alt=\"\" width=\"\" height=\"0\" loading=\"lazy\"\/><\/div><div class=\"uagb-ifb-title-wrap\"><h3 class=\"uagb-ifb-title\"><strong>Arquitectura de Marca &amp; Diferenciaci\u00f3n<\/strong><\/h3><\/div><p class=\"uagb-ifb-desc\">Definici\u00f3n del &#8220;porqu\u00e9&#8221; de la marca. Estructuramos c\u00f3mo se presentan tus productos o sub-marcas para asegurar que la propuesta de valor sea clara y no compita por precio, sino por relevancia.<\/p><div class=\"uagb-ifb-button-wrapper wp-block-button\"><\/div><\/div><\/div>\n<\/div>\n\n\n\n<div class=\"wp-block-uagb-container uagb-block-6744d7c5\">\n<div class=\"wp-block-uagb-info-box uagb-block-3348a83c uagb-infobox__content-wrap  uagb-infobox_cta-type-all uagb-infobox-icon-above-title uagb-infobox-image-valign-top\"><a href=\"https:\/\/ideasalcubo.com.mx\/estrategia-and-consultoria-3\/diagnostico-de-ecosistema-digital-360\/\" class=\"uagb-infobox-link-wrap uagb-infbox__link-to-all\" target=\"_self\" aria-label=\"Infobox Link\" rel=\"noopener noreferrer\" onclick=\"return true;\"><\/a><div class=\"uagb-ifb-content\"><div class=\"uagb-ifb-image-content\"><img decoding=\"async\" src=\"https:\/\/ideasalcubo.com.mx\/wp-content\/uploads\/2026\/03\/diseno-360-ico-150x150.webp\" alt=\"\" width=\"\" height=\"0\" loading=\"lazy\"\/><\/div><div class=\"uagb-ifb-title-wrap\"><h3 class=\"uagb-ifb-title\">Diagn\u00f3stico de Ecosistema Digital (360\u00b0)<\/h3><\/div><p class=\"uagb-ifb-desc\">No es una simple revisi\u00f3n; es un an\u00e1lisis profundo de la infraestructura actual (web, tracking, pauta y procesos) para identificar fugas de presupuesto y oportunidades de optimizaci\u00f3n t\u00e9cnica.<\/p><div class=\"uagb-ifb-button-wrapper wp-block-button\"><\/div><\/div><\/div>\n<\/div>\n\n\n\n<div class=\"wp-block-uagb-container uagb-block-1402dec9\">\n<div class=\"wp-block-uagb-info-box uagb-block-84e82272 uagb-infobox__content-wrap  uagb-infobox_cta-type-all uagb-infobox-icon-above-title uagb-infobox-image-valign-top\"><a href=\"https:\/\/ideasalcubo.com.mx\/diseno-de-customer-journey\/\" class=\"uagb-infobox-link-wrap uagb-infbox__link-to-all\" target=\"_self\" aria-label=\"Infobox Link\" rel=\"noopener noreferrer\" onclick=\"return true;\"><\/a><div class=\"uagb-ifb-content\"><div class=\"uagb-ifb-image-content\"><img decoding=\"async\" src=\"https:\/\/ideasalcubo.com.mx\/wp-content\/uploads\/2026\/03\/costumer-journey-2-150x150.webp\" alt=\"\" width=\"\" height=\"0\" loading=\"lazy\"\/><\/div><div class=\"uagb-ifb-title-wrap\"><h3 class=\"uagb-ifb-title\"><strong>Dise\u00f1o de Customer Journey &amp; Conversi\u00f3n<\/strong><\/h3><\/div><p class=\"uagb-ifb-desc\">Mapeo detallado del camino que recorre el cliente, desde que ve un anuncio hasta que concreta la compra, optimizando cada punto de contacto para maximizar la tasa de conversi\u00f3n (CRO).<\/p><div class=\"uagb-ifb-button-wrapper wp-block-button\"><\/div><\/div><\/div>\n<\/div>\n\n\n\n<div class=\"wp-block-uagb-container uagb-block-069d0623\">\n<div class=\"wp-block-uagb-info-box uagb-block-760f58a7 uagb-infobox__content-wrap  uagb-infobox_cta-type-all uagb-infobox-icon-above-title uagb-infobox-image-valign-top\"><a href=\"https:\/\/ideasalcubo.com.mx\/estrategia-and-consultoria-3\/estrategia-de-contenidos-autoridad\/\" class=\"uagb-infobox-link-wrap uagb-infbox__link-to-all\" target=\"_self\" aria-label=\"Infobox Link\" rel=\"noopener noreferrer\" onclick=\"return true;\"><\/a><div class=\"uagb-ifb-content\"><div class=\"uagb-ifb-image-content\"><img decoding=\"async\" src=\"https:\/\/ideasalcubo.com.mx\/wp-content\/uploads\/2026\/03\/direccion-de-medios-150x150.webp\" alt=\"\" width=\"\" height=\"0\" loading=\"lazy\"\/><\/div><div class=\"uagb-ifb-title-wrap\"><h3 class=\"uagb-ifb-title\"><strong>Estrategia de Contenidos &amp; Autoridad<\/strong><\/h3><\/div><p class=\"uagb-ifb-desc\">Planificaci\u00f3n de una l\u00ednea editorial t\u00e9cnica y educativa (para blogs o redes) que posicione al cliente como un experto en su industria, generando confianza antes de la venta.<\/p><div class=\"uagb-ifb-button-wrapper wp-block-button\"><\/div><\/div><\/div>\n<\/div>\n\n\n\n<div class=\"wp-block-uagb-container uagb-block-c995d0ed\">\n<div class=\"wp-block-uagb-info-box uagb-block-1d6b1b56 uagb-infobox__content-wrap  uagb-infobox_cta-type-all uagb-infobox-icon-above-title uagb-infobox-image-valign-top\"><a href=\"https:\/\/ideasalcubo.com.mx\/naming-identidad-verbal\/\" class=\"uagb-infobox-link-wrap uagb-infbox__link-to-all\" target=\"_self\" aria-label=\"Infobox Link\" rel=\"noopener noreferrer\" onclick=\"return true;\"><\/a><div class=\"uagb-ifb-content\"><div class=\"uagb-ifb-image-content\"><img decoding=\"async\" src=\"https:\/\/ideasalcubo.com.mx\/wp-content\/uploads\/2026\/03\/naming-ico-150x150.webp\" alt=\"\" width=\"\" height=\"0\" loading=\"lazy\"\/><\/div><div class=\"uagb-ifb-title-wrap\"><h3 class=\"uagb-ifb-title\"><strong>Naming e Identidad Verbal <\/strong><\/h3><\/div><p class=\"uagb-ifb-desc\">Creaci\u00f3n de nombres que no solo suenen bien, sino que sean memorables, tengan disponibilidad de dominio y, sobre todo, cuenten con viabilidad para el registro ante las autoridades de propiedad intelectual (IMPI).<\/p><div class=\"uagb-ifb-button-wrapper wp-block-button\"><\/div><\/div><\/div>\n<\/div>\n\n\n\n<div class=\"wp-block-uagb-container uagb-block-1228d357\">\n<div class=\"wp-block-uagb-info-box uagb-block-48d84d1a uagb-infobox__content-wrap  uagb-infobox_cta-type-all uagb-infobox-icon-above-title uagb-infobox-image-valign-top\"><a href=\"https:\/\/ideasalcubo.com.mx\/estrategia-and-consultoria-3\/plan-de-crecimiento-y-escalamiento\/\" class=\"uagb-infobox-link-wrap uagb-infbox__link-to-all\" target=\"_self\" aria-label=\"Infobox Link\" rel=\"noopener noreferrer\" onclick=\"return true;\"><\/a><div class=\"uagb-ifb-content\"><div class=\"uagb-ifb-image-content\"><img decoding=\"async\" src=\"https:\/\/ideasalcubo.com.mx\/wp-content\/uploads\/2026\/03\/arquitectura-y-expansion-150x150.webp\" alt=\"\" width=\"\" height=\"0\" loading=\"lazy\"\/><\/div><div class=\"uagb-ifb-title-wrap\"><h3 class=\"uagb-ifb-title\"><strong>Plan de Crecimiento &amp; Escalamiento (Roadmap)<\/strong><\/h3><\/div><p class=\"uagb-ifb-desc\">Consultor\u00eda para negocios que ya funcionan pero no saben c\u00f3mo dar el siguiente paso. Creamos una hoja de ruta con objetivos claros (KPIs) y las herramientas necesarias para escalar las ventas.<\/p><div class=\"uagb-ifb-button-wrapper wp-block-button\"><\/div><\/div><\/div>\n<\/div>\n<\/div><\/div>","protected":false},"excerpt":{"rendered":"<p>Muchos negocios hacen publicaciones, pagan anuncios o cambian su logo\u2026 pero siguen sin tener claro qu\u00e9 decir, a qui\u00e9n hablarle [&hellip;]<\/p>\n","protected":false},"author":1,"featured_media":0,"parent":0,"menu_order":0,"comment_status":"closed","ping_status":"closed","template":"","meta":{"content-type":"","_uag_custom_page_level_css":"","site-sidebar-layout":"default","site-content-layout":"","ast-site-content-layout":"default","site-content-style":"default","site-sidebar-style":"default","ast-global-header-display":"","ast-banner-title-visibility":"","ast-main-header-display":"","ast-hfb-above-header-display":"","ast-hfb-below-header-display":"","ast-hfb-mobile-header-display":"","site-post-title":"disabled","ast-breadcrumbs-content":"","ast-featured-img":"","footer-sml-layout":"","ast-disable-related-posts":"","theme-transparent-header-meta":"","adv-header-id-meta":"","stick-header-meta":"","header-above-stick-meta":"","header-main-stick-meta":"","header-below-stick-meta":"","astra-migrate-meta-layouts":"set","ast-page-background-enabled":"default","ast-page-background-meta":{"desktop":{"background-color":"var(--ast-global-color-4)","background-image":"","background-repeat":"repeat","background-position":"center center","background-size":"auto","background-attachment":"scroll","background-type":"","background-media":"","overlay-type":"","overlay-color":"","overlay-opacity":"","overlay-gradient":""},"tablet":{"background-color":"","background-image":"","background-repeat":"repeat","background-position":"center center","background-size":"auto","background-attachment":"scroll","background-type":"","background-media":"","overlay-type":"","overlay-color":"","overlay-opacity":"","overlay-gradient":""},"mobile":{"background-color":"","background-image":"","background-repeat":"repeat","background-position":"center center","background-size":"auto","background-attachment":"scroll","background-type":"","background-media":"","overlay-type":"","overlay-color":"","overlay-opacity":"","overlay-gradient":""}},"ast-content-background-meta":{"desktop":{"background-color":"var(--ast-global-color-5)","background-image":"","background-repeat":"repeat","background-position":"center center","background-size":"auto","background-attachment":"scroll","background-type":"","background-media":"","overlay-type":"","overlay-color":"","overlay-opacity":"","overlay-gradient":""},"tablet":{"background-color":"var(--ast-global-color-5)","background-image":"","background-repeat":"repeat","background-position":"center center","background-size":"auto","background-attachment":"scroll","background-type":"","background-media":"","overlay-type":"","overlay-color":"","overlay-opacity":"","overlay-gradient":""},"mobile":{"background-color":"var(--ast-global-color-5)","background-image":"","background-repeat":"repeat","background-position":"center center","background-size":"auto","background-attachment":"scroll","background-type":"","background-media":"","overlay-type":"","overlay-color":"","overlay-opacity":"","overlay-gradient":""}},"footnotes":""},"class_list":["post-1976","page","type-page","status-publish","hentry"],"aioseo_notices":[],"_hostinger_reach_plugin_has_subscription_block":false,"_hostinger_reach_plugin_is_elementor":false,"uagb_featured_image_src":{"full":false,"thumbnail":false,"medium":false,"medium_large":false,"large":false,"1536x1536":false,"2048x2048":false,"trp-custom-language-flag":false},"uagb_author_info":{"display_name":"yairvaldo14@gmail.com","author_link":"https:\/\/ideasalcubo.com.mx\/en\/author\/yairvaldo14gmail-com\/"},"uagb_comment_info":0,"uagb_excerpt":"Muchos negocios hacen publicaciones, pagan anuncios o cambian su logo\u2026 pero siguen sin tener claro qu\u00e9 decir, a qui\u00e9n hablarle [&hellip;]","_links":{"self":[{"href":"https:\/\/ideasalcubo.com.mx\/en\/wp-json\/wp\/v2\/pages\/1976","targetHints":{"allow":["GET"]}}],"collection":[{"href":"https:\/\/ideasalcubo.com.mx\/en\/wp-json\/wp\/v2\/pages"}],"about":[{"href":"https:\/\/ideasalcubo.com.mx\/en\/wp-json\/wp\/v2\/types\/page"}],"author":[{"embeddable":true,"href":"https:\/\/ideasalcubo.com.mx\/en\/wp-json\/wp\/v2\/users\/1"}],"replies":[{"embeddable":true,"href":"https:\/\/ideasalcubo.com.mx\/en\/wp-json\/wp\/v2\/comments?post=1976"}],"version-history":[{"count":25,"href":"https:\/\/ideasalcubo.com.mx\/en\/wp-json\/wp\/v2\/pages\/1976\/revisions"}],"predecessor-version":[{"id":2881,"href":"https:\/\/ideasalcubo.com.mx\/en\/wp-json\/wp\/v2\/pages\/1976\/revisions\/2881"}],"wp:attachment":[{"href":"https:\/\/ideasalcubo.com.mx\/en\/wp-json\/wp\/v2\/media?parent=1976"}],"curies":[{"name":"wp","href":"https:\/\/api.w.org\/{rel}","templated":true}]}}