{"id":1970,"date":"2025-11-23T06:20:36","date_gmt":"2025-11-23T06:20:36","guid":{"rendered":"https:\/\/ideasalcubo.com.mx\/marketing-and-difusion-3\/"},"modified":"2026-03-24T06:58:52","modified_gmt":"2026-03-24T06:58:52","slug":"marketing-and-difusion-3","status":"publish","type":"page","link":"https:\/\/ideasalcubo.com.mx\/en\/marketing-and-difusion-3\/","title":{"rendered":"Marketing &#038; Difusi\u00f3n"},"content":{"rendered":"<div style=\"aspect-ratio:auto;min-height:unset;\" class=\"wp-block-cover alignfull has-parallax has-aspect-ratio\"><div class=\"wp-block-cover__image-background wp-image-1871 size-large has-parallax\" style=\"background-position:50% 50%;background-image:url(https:\/\/ideasalcubo.com.mx\/wp-content\/uploads\/2025\/11\/myd-01-2-AQEeVjvx9wTM855q-1-1024x639.jpeg)\"><\/div><span aria-hidden=\"true\" class=\"wp-block-cover__background has-ast-global-color-5-background-color has-background-dim-80 has-background-dim\"><\/span><div class=\"wp-block-cover__inner-container is-layout-constrained wp-block-cover-is-layout-constrained\">\n<header class=\"wp-block-uagb-advanced-heading uagb-block-6d75e896\"><h2 class=\"uagb-heading-text\">Marketing &amp; Difusi\u00f3n<\/h2><\/header>\n<\/div><\/div>\n\n\n\n<div style=\"height:100px\" aria-hidden=\"true\" class=\"wp-block-spacer\"><\/div>\n\n\n\n<div class=\"wp-block-uagb-container uagb-block-9ed5af79 alignfull uagb-is-root-container\"><div class=\"uagb-container-inner-blocks-wrap\">\n<div class=\"wp-block-uagb-container uagb-block-a981f5a3\">\n<p class=\"has-ast-global-color-0-color has-text-color has-link-color has-medium-font-size wp-elements-c8011821b28d42478af779f026d1b0fa\">Muchos negocios abren redes sociales o empiezan a pagar anuncios sin un plan claro: publican de todo, cambian de idea cada semana y al final <strong>no saben qu\u00e9 s\u00ed funcion\u00f3<\/strong>.<\/p>\n\n\n\n<p class=\"has-ast-global-color-0-color has-text-color has-link-color has-medium-font-size wp-elements-5f7c58e6e2701395a80d5cf0b29ec2e8\">En Ideas al Cubo, nuestra \u00e1rea de <strong>Marketing y Difusi\u00f3n<\/strong> se encarga de que tu mensaje llegue a las personas correctas, por los canales correctos y con un objetivo claro: que te encuentren, te recuerden y te contacten. Tomamos la estrategia de tu marca y la convertimos en <strong>acciones concretas<\/strong>: contenido para redes, campa\u00f1as en Google, Facebook e Instagram, email marketing y otros medios que tengan sentido para tu negocio.<\/p>\n<\/div>\n\n\n\n<div class=\"wp-block-uagb-container uagb-block-02256cbe\">\n<div class=\"wp-block-uagb-image uagb-block-8cf97f7b wp-block-uagb-image--layout-default wp-block-uagb-image--effect-static wp-block-uagb-image--align-none\"><figure class=\"wp-block-uagb-image__figure\"><img decoding=\"async\" srcset=\"https:\/\/ideasalcubo.com.mx\/wp-content\/uploads\/2025\/11\/download-5.png ,https:\/\/ideasalcubo.com.mx\/wp-content\/uploads\/2025\/11\/download-5.png 780w, https:\/\/ideasalcubo.com.mx\/wp-content\/uploads\/2025\/11\/download-5.png 360w\" sizes=\"auto, (max-width: 480px) 150px\" src=\"https:\/\/ideasalcubo.com.mx\/wp-content\/uploads\/2025\/11\/download-5.png\" alt=\"\" class=\"uag-image-2198\" width=\"1024\" height=\"1024\" title=\"download (5)\" loading=\"lazy\" role=\"img\"\/><\/figure><\/div>\n<\/div>\n<\/div><\/div>\n\n\n\n<div class=\"wp-block-uagb-container uagb-block-cc329325 alignfull uagb-is-root-container\"><div class=\"uagb-container-inner-blocks-wrap\">\n<div class=\"wp-block-uagb-advanced-heading uagb-block-0734ba3b\" id=\"marketing-difusion\"><h2 class=\"uagb-heading-text\">MARKETING Y DIFUSI\u00d3N<\/h2><\/div>\n\n\n\n<div class=\"wp-block-uagb-container uagb-block-5f462217\">\n<div class=\"wp-block-uagb-info-box uagb-block-6a19e77f uagb-infobox__content-wrap  uagb-infobox_cta-type-all uagb-infobox-icon-above-title uagb-infobox-image-valign-top\"><a href=\"https:\/\/ideasalcubo.com.mx\/marketing-and-difusion-3\/analitica-web-y-configuracion-de-tracking\/\" class=\"uagb-infobox-link-wrap uagb-infbox__link-to-all\" target=\"_self\" aria-label=\"Infobox Link\" rel=\"noopener noreferrer\" onclick=\"return true;\"><\/a><div class=\"uagb-ifb-content\"><div class=\"uagb-ifb-image-content\"><img decoding=\"async\" src=\"https:\/\/ideasalcubo.com.mx\/wp-content\/uploads\/2026\/03\/analitica-150x150.webp\" alt=\"\" width=\"\" height=\"0\" loading=\"lazy\"\/><\/div><div class=\"uagb-ifb-title-wrap\"><h3 class=\"uagb-ifb-title\"><strong><strong><strong><strong>Anal\u00edtica Web y Configuraci\u00f3n de Tracking<\/strong><\/strong><\/strong><\/strong><\/h3><\/div><p class=\"uagb-ifb-desc\">Lo que no se mide, no se mejora. Implementamos herramientas avanzadas (GTM\/GA4) para rastrear qu\u00e9 hacen tus usuarios y saber exactamente de d\u00f3nde vienen tus ventas.<\/p><div class=\"uagb-ifb-button-wrapper wp-block-button\"><\/div><\/div><\/div>\n<\/div>\n\n\n\n<div class=\"wp-block-uagb-container uagb-block-1113b146\">\n<div class=\"wp-block-uagb-info-box uagb-block-94d8a7f5 uagb-infobox__content-wrap  uagb-infobox_cta-type-all uagb-infobox-icon-above-title uagb-infobox-image-valign-top\"><a href=\"https:\/\/ideasalcubo.com.mx\/automatizacion-y-email-marketing\/\" class=\"uagb-infobox-link-wrap uagb-infbox__link-to-all\" target=\"_self\" aria-label=\"Infobox Link\" rel=\"noopener noreferrer\" onclick=\"return true;\"><\/a><div class=\"uagb-ifb-content\"><div class=\"uagb-ifb-image-content\"><img decoding=\"async\" src=\"https:\/\/ideasalcubo.com.mx\/wp-content\/uploads\/2026\/03\/email-marketing-1-150x150.webp\" alt=\"\" width=\"\" height=\"0\" loading=\"lazy\"\/><\/div><div class=\"uagb-ifb-title-wrap\"><h3 class=\"uagb-ifb-title\"><strong><strong><strong>Automatizaci\u00f3n y Email Marketing<\/strong><\/strong><\/strong><\/h3><\/div><p class=\"uagb-ifb-desc\">Mantenemos tu negocio presente. Configuramos correos autom\u00e1ticos para recuperar ventas perdidas, dar seguimiento a prospectos y fidelizar a tus clientes actuales.<\/p><div class=\"uagb-ifb-button-wrapper wp-block-button\"><\/div><\/div><\/div>\n<\/div>\n\n\n\n<div class=\"wp-block-uagb-container uagb-block-9e92d188\">\n<div class=\"wp-block-uagb-info-box uagb-block-2c5c6cb0 uagb-infobox__content-wrap  uagb-infobox_cta-type-all uagb-infobox-icon-above-title uagb-infobox-image-valign-top\"><a href=\"https:\/\/ideasalcubo.com.mx\/estrategia-de-contenidos-y-seo\/\" class=\"uagb-infobox-link-wrap uagb-infbox__link-to-all\" target=\"_self\" aria-label=\"Infobox Link\" rel=\"noopener noreferrer\" onclick=\"return true;\"><\/a><div class=\"uagb-ifb-content\"><div class=\"uagb-ifb-image-content\"><img decoding=\"async\" src=\"https:\/\/ideasalcubo.com.mx\/wp-content\/uploads\/2026\/03\/estrategia-contenidos-150x150.webp\" alt=\"\" width=\"\" height=\"0\" loading=\"lazy\"\/><\/div><div class=\"uagb-ifb-title-wrap\"><h3 class=\"uagb-ifb-title\"><strong><strong><strong>Estrategia de Contenidos y SEO<\/strong><\/strong><\/strong><\/h3><\/div><p class=\"uagb-ifb-desc\">Posicionamos tu marca como experta. Creamos planes de contenido y optimizamos tu web para que aparezcas en los primeros resultados de b\u00fasqueda de forma org\u00e1nica.<\/p><div class=\"uagb-ifb-button-wrapper wp-block-button\"><\/div><\/div><\/div>\n<\/div>\n\n\n\n<div class=\"wp-block-uagb-container uagb-block-0a403d86\">\n<div class=\"wp-block-uagb-info-box uagb-block-df994ed6 uagb-infobox__content-wrap  uagb-infobox_cta-type-all uagb-infobox-icon-above-title uagb-infobox-image-valign-top\"><a href=\"https:\/\/ideasalcubo.com.mx\/marketing-and-difusion-3\/gestion-de-campanas-pagadas-trafficker-digital\/\" class=\"uagb-infobox-link-wrap uagb-infbox__link-to-all\" target=\"_self\" aria-label=\"Infobox Link\" rel=\"noopener noreferrer\" onclick=\"return true;\"><\/a><div class=\"uagb-ifb-content\"><div class=\"uagb-ifb-image-content\"><img decoding=\"async\" src=\"https:\/\/ideasalcubo.com.mx\/wp-content\/uploads\/2026\/03\/megafono-150x150.webp\" alt=\"\" width=\"\" height=\"0\" loading=\"lazy\"\/><\/div><div class=\"uagb-ifb-title-wrap\"><h3 class=\"uagb-ifb-title\"><strong>Gesti\u00f3n de Campa\u00f1as Pagas (Ads)<\/strong><\/h3><\/div><p class=\"uagb-ifb-desc\">Hacemos que tu inversi\u00f3n rinda. Creamos y optimizamos anuncios en Google, Meta y LinkedIn enfocados en atraer clientes potenciales con el menor costo posible.<\/p><div class=\"uagb-ifb-button-wrapper wp-block-button\"><\/div><\/div><\/div>\n<\/div>\n\n\n\n<div class=\"wp-block-uagb-container uagb-block-02944dd9\">\n<div class=\"wp-block-uagb-info-box uagb-block-75a0170e uagb-infobox__content-wrap  uagb-infobox_cta-type-all uagb-infobox-icon-above-title uagb-infobox-image-valign-top\"><a href=\"https:\/\/ideasalcubo.com.mx\/marketing-and-difusion-3\/inbound-marketing-y-prospeccion\/\" class=\"uagb-infobox-link-wrap uagb-infbox__link-to-all\" target=\"_self\" aria-label=\"Infobox Link\" rel=\"noopener noreferrer\" onclick=\"return true;\"><\/a><div class=\"uagb-ifb-content\"><div class=\"uagb-ifb-image-content\"><img decoding=\"async\" src=\"https:\/\/ideasalcubo.com.mx\/wp-content\/uploads\/2026\/03\/cofre-marketing-inbound-150x150.webp\" alt=\"\" width=\"\" height=\"0\" loading=\"lazy\"\/><\/div><div class=\"uagb-ifb-title-wrap\"><h3 class=\"uagb-ifb-title\"><strong><strong><strong>Inbound Marketing y Prospecci\u00f3n<\/strong><\/strong><\/strong><\/h3><\/div><p class=\"uagb-ifb-desc\">Dise\u00f1amos embudos de venta que trabajan por ti. Atraemos a tu audiencia ideal con contenido de valor y los guiamos paso a paso hasta que est\u00e9n listos para comprar.<\/p><div class=\"uagb-ifb-button-wrapper wp-block-button\"><\/div><\/div><\/div>\n<\/div>\n\n\n\n<div class=\"wp-block-uagb-container uagb-block-3903358e\">\n<div class=\"wp-block-uagb-info-box uagb-block-de63f1ca uagb-infobox__content-wrap  uagb-infobox_cta-type-all uagb-infobox-icon-above-title uagb-infobox-image-valign-top\"><a href=\"https:\/\/ideasalcubo.com.mx\/optimizacion-de-ventas-en-web-cro\/\" class=\"uagb-infobox-link-wrap uagb-infbox__link-to-all\" target=\"_self\" aria-label=\"Infobox Link\" rel=\"noopener noreferrer\" onclick=\"return true;\"><\/a><div class=\"uagb-ifb-content\"><div class=\"uagb-ifb-image-content\"><img decoding=\"async\" src=\"https:\/\/ideasalcubo.com.mx\/wp-content\/uploads\/2026\/03\/optimizacion-cro-150x150.webp\" alt=\"\" width=\"\" height=\"0\" loading=\"lazy\"\/><\/div><div class=\"uagb-ifb-title-wrap\"><h3 class=\"uagb-ifb-title\"><strong><strong><strong>Optimizaci\u00f3n de Ventas en Web (CRO)<\/strong><\/strong><\/strong><\/h3><\/div><p class=\"uagb-ifb-desc\">Analizamos por qu\u00e9 tus visitas no est\u00e1n comprando. Realizamos ajustes t\u00e9cnicos y visuales en tu p\u00e1gina para maximizar la tasa de conversi\u00f3n y mejorar tus resultados.<\/p><div class=\"uagb-ifb-button-wrapper wp-block-button\"><\/div><\/div><\/div>\n<\/div>\n<\/div><\/div>\n\n\n\n<div class=\"wp-block-uagb-container uagb-block-994f5ed6 alignfull uagb-is-root-container\"><div class=\"uagb-container-inner-blocks-wrap\"><\/div><\/div>\n\n\n\n<p><\/p>","protected":false},"excerpt":{"rendered":"<p>Muchos negocios abren redes sociales o empiezan a pagar anuncios sin un plan claro: publican de todo, cambian de idea [&hellip;]<\/p>\n","protected":false},"author":1,"featured_media":0,"parent":0,"menu_order":0,"comment_status":"closed","ping_status":"closed","template":"","meta":{"content-type":"","_uag_custom_page_level_css":"","site-sidebar-layout":"default","site-content-layout":"","ast-site-content-layout":"default","site-content-style":"default","site-sidebar-style":"default","ast-global-header-display":"","ast-banner-title-visibility":"","ast-main-header-display":"","ast-hfb-above-header-display":"","ast-hfb-below-header-display":"","ast-hfb-mobile-header-display":"","site-post-title":"disabled","ast-breadcrumbs-content":"","ast-featured-img":"","footer-sml-layout":"","ast-disable-related-posts":"","theme-transparent-header-meta":"","adv-header-id-meta":"","stick-header-meta":"","header-above-stick-meta":"","header-main-stick-meta":"","header-below-stick-meta":"","astra-migrate-meta-layouts":"set","ast-page-background-enabled":"default","ast-page-background-meta":{"desktop":{"background-color":"var(--ast-global-color-4)","background-image":"","background-repeat":"repeat","background-position":"center center","background-size":"auto","background-attachment":"scroll","background-type":"","background-media":"","overlay-type":"","overlay-color":"","overlay-opacity":"","overlay-gradient":""},"tablet":{"background-color":"","background-image":"","background-repeat":"repeat","background-position":"center center","background-size":"auto","background-attachment":"scroll","background-type":"","background-media":"","overlay-type":"","overlay-color":"","overlay-opacity":"","overlay-gradient":""},"mobile":{"background-color":"","background-image":"","background-repeat":"repeat","background-position":"center center","background-size":"auto","background-attachment":"scroll","background-type":"","background-media":"","overlay-type":"","overlay-color":"","overlay-opacity":"","overlay-gradient":""}},"ast-content-background-meta":{"desktop":{"background-color":"var(--ast-global-color-5)","background-image":"","background-repeat":"repeat","background-position":"center center","background-size":"auto","background-attachment":"scroll","background-type":"","background-media":"","overlay-type":"","overlay-color":"","overlay-opacity":"","overlay-gradient":""},"tablet":{"background-color":"var(--ast-global-color-5)","background-image":"","background-repeat":"repeat","background-position":"center center","background-size":"auto","background-attachment":"scroll","background-type":"","background-media":"","overlay-type":"","overlay-color":"","overlay-opacity":"","overlay-gradient":""},"mobile":{"background-color":"var(--ast-global-color-5)","background-image":"","background-repeat":"repeat","background-position":"center center","background-size":"auto","background-attachment":"scroll","background-type":"","background-media":"","overlay-type":"","overlay-color":"","overlay-opacity":"","overlay-gradient":""}},"footnotes":"[]"},"class_list":["post-1970","page","type-page","status-publish","hentry"],"aioseo_notices":[],"_hostinger_reach_plugin_has_subscription_block":false,"_hostinger_reach_plugin_is_elementor":false,"uagb_featured_image_src":{"full":false,"thumbnail":false,"medium":false,"medium_large":false,"large":false,"1536x1536":false,"2048x2048":false,"trp-custom-language-flag":false},"uagb_author_info":{"display_name":"yairvaldo14@gmail.com","author_link":"https:\/\/ideasalcubo.com.mx\/en\/author\/yairvaldo14gmail-com\/"},"uagb_comment_info":0,"uagb_excerpt":"Muchos negocios abren redes sociales o empiezan a pagar anuncios sin un plan claro: publican de todo, cambian de idea [&hellip;]","_links":{"self":[{"href":"https:\/\/ideasalcubo.com.mx\/en\/wp-json\/wp\/v2\/pages\/1970","targetHints":{"allow":["GET"]}}],"collection":[{"href":"https:\/\/ideasalcubo.com.mx\/en\/wp-json\/wp\/v2\/pages"}],"about":[{"href":"https:\/\/ideasalcubo.com.mx\/en\/wp-json\/wp\/v2\/types\/page"}],"author":[{"embeddable":true,"href":"https:\/\/ideasalcubo.com.mx\/en\/wp-json\/wp\/v2\/users\/1"}],"replies":[{"embeddable":true,"href":"https:\/\/ideasalcubo.com.mx\/en\/wp-json\/wp\/v2\/comments?post=1970"}],"version-history":[{"count":13,"href":"https:\/\/ideasalcubo.com.mx\/en\/wp-json\/wp\/v2\/pages\/1970\/revisions"}],"predecessor-version":[{"id":2884,"href":"https:\/\/ideasalcubo.com.mx\/en\/wp-json\/wp\/v2\/pages\/1970\/revisions\/2884"}],"wp:attachment":[{"href":"https:\/\/ideasalcubo.com.mx\/en\/wp-json\/wp\/v2\/media?parent=1970"}],"curies":[{"name":"wp","href":"https:\/\/api.w.org\/{rel}","templated":true}]}}