{"id":1969,"date":"2025-11-23T06:20:35","date_gmt":"2025-11-23T06:20:35","guid":{"rendered":"https:\/\/ideasalcubo.com.mx\/creatividad-and-produccion-3\/"},"modified":"2026-03-24T07:05:37","modified_gmt":"2026-03-24T07:05:37","slug":"creatividad-and-produccion-3","status":"publish","type":"page","link":"https:\/\/ideasalcubo.com.mx\/en\/creatividad-and-produccion-3\/","title":{"rendered":"Creatividad &#038; Producci\u00f3n"},"content":{"rendered":"<div style=\"aspect-ratio:auto;min-height:unset;\" class=\"wp-block-cover alignfull has-parallax has-aspect-ratio\"><div class=\"wp-block-cover__image-background wp-image-1874 size-large has-parallax\" style=\"background-position:50% 50%;background-image:url(https:\/\/ideasalcubo.com.mx\/wp-content\/uploads\/2025\/11\/cyp-01-2-YKb8NvvQoyFkaBeN-1-1024x719.jpeg)\"><\/div><span aria-hidden=\"true\" class=\"wp-block-cover__background has-ast-global-color-5-background-color has-background-dim-60 has-background-dim\"><\/span><div class=\"wp-block-cover__inner-container is-layout-constrained wp-block-cover-is-layout-constrained\">\n<div class=\"wp-block-uagb-advanced-heading uagb-block-cbe047e5\"><h2 class=\"uagb-heading-text\">Creatividad &amp; Producci\u00f3n<\/h2><\/div>\n<\/div><\/div>\n\n\n\n<div style=\"height:100px\" aria-hidden=\"true\" class=\"wp-block-spacer\"><\/div>\n\n\n\n<div class=\"wp-block-uagb-container uagb-block-a16e2d5c alignfull uagb-is-root-container\"><div class=\"uagb-container-inner-blocks-wrap\">\n<div class=\"wp-block-uagb-container uagb-block-68da6618\">\n<div class=\"wp-block-uagb-image uagb-block-9e4d9c9c wp-block-uagb-image--layout-default wp-block-uagb-image--effect-static wp-block-uagb-image--align-none\"><figure class=\"wp-block-uagb-image__figure\"><img decoding=\"async\" srcset=\"https:\/\/ideasalcubo.com.mx\/wp-content\/uploads\/2025\/11\/download-5.png ,https:\/\/ideasalcubo.com.mx\/wp-content\/uploads\/2025\/11\/download-5.png 780w, https:\/\/ideasalcubo.com.mx\/wp-content\/uploads\/2025\/11\/download-5.png 360w\" sizes=\"auto, (max-width: 480px) 150px\" src=\"https:\/\/ideasalcubo.com.mx\/wp-content\/uploads\/2025\/11\/download-5.png\" alt=\"\" class=\"uag-image-2198\" width=\"1024\" height=\"1024\" title=\"download (5)\" loading=\"lazy\" role=\"img\"\/><\/figure><\/div>\n<\/div>\n\n\n\n<div class=\"wp-block-uagb-container uagb-block-f0659675\">\n<p class=\"has-ast-global-color-0-color has-text-color has-link-color has-medium-font-size wp-elements-c8827c8793b2670249e4648b8b3a0e3c\">Cuando una marca ya tiene clara su estrategia, el siguiente paso es <strong>verse y sonar profesional<\/strong>. Ah\u00ed es donde muchos negocios se atoran: buenos productos, buen servicio\u2026 pero fotos, dise\u00f1os y mensajes que no les hacen justicia.<\/p>\n\n\n\n<p class=\"has-ast-global-color-0-color has-text-color has-link-color has-medium-font-size wp-elements-446cfd1b9e9521aff3f4207ae53c4ca0\">En Ideas al Cubo, nuestra \u00e1rea de <strong>Creatividad y Producci\u00f3n<\/strong> se encarga de <strong>dise\u00f1ar y producir todos los recursos<\/strong> que tu marca necesita para comunicar con claridad: desde el logo y las plantillas de redes hasta videos, fotograf\u00eda y p\u00e1gina web funcional.<\/p>\n\n\n\n<p class=\"has-ast-global-color-0-color has-text-color has-link-color has-medium-font-size wp-elements-56b45a592de275d8e2a932da6291f431\">La idea no es llenarte de piezas que no usar\u00e1s, sino crear <strong>materiales \u00fatiles, coherentes y f\u00e1ciles de aplicar<\/strong> en el d\u00eda a d\u00eda de tu negocio.<\/p>\n<\/div>\n<\/div><\/div>\n\n\n\n<div class=\"wp-block-uagb-container uagb-block-fd950988 alignfull uagb-is-root-container\"><div class=\"uagb-container-inner-blocks-wrap\">\n<div class=\"wp-block-uagb-advanced-heading uagb-block-d39897a1\" id=\"creatividad-produccion\"><h2 class=\"uagb-heading-text\">CREATIVIDAD &amp; PRODUCCI\u00d3N<\/h2><\/div>\n\n\n\n<div class=\"wp-block-uagb-container uagb-block-b1f6b1c2\">\n<div class=\"wp-block-uagb-info-box uagb-block-4cd1444a uagb-infobox__content-wrap  uagb-infobox_cta-type-all uagb-infobox-icon-above-title uagb-infobox-image-valign-top\"><a href=\"https:\/\/ideasalcubo.com.mx\/creatividad-and-produccion-3\/diseno-de-empaque-y-etiquetas\/\" class=\"uagb-infobox-link-wrap uagb-infbox__link-to-all\" target=\"_self\" aria-label=\"Infobox Link\" rel=\"noopener noreferrer\" onclick=\"return true;\"><\/a><div class=\"uagb-ifb-content\"><div class=\"uagb-ifb-image-content\"><img decoding=\"async\" src=\"https:\/\/ideasalcubo.com.mx\/wp-content\/uploads\/2026\/03\/packagin-ico-150x150.webp\" alt=\"\" width=\"\" height=\"0\" loading=\"lazy\"\/><\/div><div class=\"uagb-ifb-title-wrap\"><h3 class=\"uagb-ifb-title\"><strong><strong>Dise\u00f1o de Empaque y Etiquetas (Packaging)<\/strong><\/strong><\/h3><\/div><p class=\"uagb-ifb-desc\">Hacemos que tu producto destaque en el anaquel o en las manos del cliente. Dise\u00f1amos etiquetas y cajas funcionales que comunican el valor de tu marca y mejoran la experiencia de entrega.<\/p><div class=\"uagb-ifb-button-wrapper wp-block-button\"><\/div><\/div><\/div>\n<\/div>\n\n\n\n<div class=\"wp-block-uagb-container uagb-block-ccfe4663\">\n<div class=\"wp-block-uagb-info-box uagb-block-de03a412 uagb-infobox__content-wrap  uagb-infobox_cta-type-all uagb-infobox-icon-above-title uagb-infobox-image-valign-top\"><a href=\"https:\/\/ideasalcubo.com.mx\/creatividad-and-produccion-3\/diseno-de-logotipos-e-identidad-de-marca\/\" class=\"uagb-infobox-link-wrap uagb-infbox__link-to-all\" target=\"_self\" aria-label=\"Infobox Link\" rel=\"noopener noreferrer\" onclick=\"return true;\"><\/a><div class=\"uagb-ifb-content\"><div class=\"uagb-ifb-image-content\"><img decoding=\"async\" src=\"https:\/\/ideasalcubo.com.mx\/wp-content\/uploads\/2026\/03\/diseno-lgos-150x150.webp\" alt=\"\" width=\"\" height=\"0\" loading=\"lazy\"\/><\/div><div class=\"uagb-ifb-title-wrap\"><h3 class=\"uagb-ifb-title\"><strong>Dise\u00f1o de Logotipo e Identidad de Marca<\/strong><\/h3><\/div><p class=\"uagb-ifb-desc\">Creamos la cara de tu negocio. Un sistema visual profesional y coherente que asegura que tu marca se vea bien en cualquier plataforma o material.<\/p><div class=\"uagb-ifb-button-wrapper wp-block-button\"><\/div><\/div><\/div>\n<\/div>\n\n\n\n<div class=\"wp-block-uagb-container uagb-block-287c341f\">\n<div class=\"wp-block-uagb-info-box uagb-block-bddd4059 uagb-infobox__content-wrap  uagb-infobox_cta-type-all uagb-infobox-icon-above-title uagb-infobox-image-valign-top\"><a href=\"https:\/\/ideasalcubo.com.mx\/creatividad-and-produccion-3\/diseno-de-materiales-de-marca-y-ventas\/\" class=\"uagb-infobox-link-wrap uagb-infbox__link-to-all\" target=\"_self\" aria-label=\"Infobox Link\" rel=\"noopener noreferrer\" onclick=\"return true;\"><\/a><div class=\"uagb-ifb-content\"><div class=\"uagb-ifb-image-content\"><img decoding=\"async\" src=\"https:\/\/ideasalcubo.com.mx\/wp-content\/uploads\/2026\/03\/materiales-impresos-150x150.webp\" alt=\"\" width=\"\" height=\"0\" loading=\"lazy\"\/><\/div><div class=\"uagb-ifb-title-wrap\"><h3 class=\"uagb-ifb-title\"><strong><strong>Dise\u00f1o de Materiales para Venta y Digitales<\/strong><\/strong><\/h3><\/div><p class=\"uagb-ifb-desc\">Creamos todas las piezas que tu negocio necesita para operar: desde presentaciones corporativas y folletos, hasta los gr\u00e1ficos diarios para tus campa\u00f1as en redes sociales.<\/p><div class=\"uagb-ifb-button-wrapper wp-block-button\"><\/div><\/div><\/div>\n<\/div>\n\n\n\n<div class=\"wp-block-uagb-container uagb-block-7030a8ab\">\n<div class=\"wp-block-uagb-info-box uagb-block-3a893f7f uagb-infobox__content-wrap  uagb-infobox_cta-type-all uagb-infobox-icon-above-title uagb-infobox-image-valign-top\"><a href=\"https:\/\/ideasalcubo.com.mx\/creatividad-and-produccion-3\/diseno-web-y-e-commerce\/\" class=\"uagb-infobox-link-wrap uagb-infbox__link-to-all\" target=\"_self\" aria-label=\"Infobox Link\" rel=\"noopener noreferrer\" onclick=\"return true;\"><\/a><div class=\"uagb-ifb-content\"><div class=\"uagb-ifb-image-content\"><img decoding=\"async\" src=\"https:\/\/ideasalcubo.com.mx\/wp-content\/uploads\/2026\/03\/ico-diseno-paginas-web-e-commerce-150x150.webp\" alt=\"\" width=\"\" height=\"0\" loading=\"lazy\"\/><\/div><div class=\"uagb-ifb-title-wrap\"><h3 class=\"uagb-ifb-title\"><strong><strong>Dise\u00f1o Web y Tiendas en L\u00ednea (E-commerce)<\/strong><\/strong><\/h3><\/div><p class=\"uagb-ifb-desc\">Sitios en WordPress y WooCommerce enfocados en vender. Estructuras r\u00e1pidas, seguras y f\u00e1ciles de navegar, dise\u00f1adas para convertir visitas en ventas.<\/p><div class=\"uagb-ifb-button-wrapper wp-block-button\"><\/div><\/div><\/div>\n<\/div>\n\n\n\n<div class=\"wp-block-uagb-container uagb-block-53cb400f\">\n<div class=\"wp-block-uagb-info-box uagb-block-2fe11921 uagb-infobox__content-wrap  uagb-infobox_cta-type-all uagb-infobox-icon-above-title uagb-infobox-image-valign-top\"><a href=\"https:\/\/ideasalcubo.com.mx\/creatividad-and-produccion-3\/gestion-de-articulos-y-regalos-publicitarios\/\" class=\"uagb-infobox-link-wrap uagb-infbox__link-to-all\" target=\"_self\" aria-label=\"Infobox Link\" rel=\"noopener noreferrer\" onclick=\"return true;\"><\/a><div class=\"uagb-ifb-content\"><div class=\"uagb-ifb-image-content\"><img decoding=\"async\" src=\"https:\/\/ideasalcubo.com.mx\/wp-content\/uploads\/2026\/03\/diseno-regalos-publi-150x150.webp\" alt=\"\" width=\"\" height=\"0\" loading=\"lazy\"\/><\/div><div class=\"uagb-ifb-title-wrap\"><h3 class=\"uagb-ifb-title\"><strong><strong><strong>Gesti\u00f3n de Art\u00edculos y Regalos Publicitarios<\/strong><\/strong><\/strong><\/h3><\/div><p class=\"uagb-ifb-desc\">Somos tu enlace con proveedores expertos. Gestionamos la producci\u00f3n de promocionales y merch, garantizando calidad t\u00e9cnica y fidelidad de marca en cada pieza.<\/p><div class=\"uagb-ifb-button-wrapper wp-block-button\"><\/div><\/div><\/div>\n<\/div>\n\n\n\n<div class=\"wp-block-uagb-container uagb-block-d127eec0\">\n<div class=\"wp-block-uagb-info-box uagb-block-8848ff9a uagb-infobox__content-wrap  uagb-infobox_cta-type-all uagb-infobox-icon-above-title uagb-infobox-image-valign-top\"><a href=\"https:\/\/ideasalcubo.com.mx\/creatividad-and-produccion-3\/publicidad-en-gran-formato-y-viniles\/\" class=\"uagb-infobox-link-wrap uagb-infbox__link-to-all\" target=\"_self\" aria-label=\"Infobox Link\" rel=\"noopener noreferrer\" onclick=\"return true;\"><\/a><div class=\"uagb-ifb-content\"><div class=\"uagb-ifb-image-content\"><img decoding=\"async\" src=\"https:\/\/ideasalcubo.com.mx\/wp-content\/uploads\/2026\/03\/publicidad-a-gran-escala-150x150.webp\" alt=\"\" width=\"\" height=\"0\" loading=\"lazy\"\/><\/div><div class=\"uagb-ifb-title-wrap\"><h3 class=\"uagb-ifb-title\"><strong><strong>Publicidad en Gran Formato y Viniles<\/strong><\/strong><\/h3><\/div><p class=\"uagb-ifb-desc\">Especialistas en materiales de gran calibre. Dise\u00f1amos y gestionamos la producci\u00f3n de lonas, viniles textiles, microperforados y se\u00f1al\u00e9tica, cuidando cada detalle t\u00e9cnico para una instalaci\u00f3n perfecta.<\/p><div class=\"uagb-ifb-button-wrapper wp-block-button\"><\/div><\/div><\/div>\n<\/div>\n<\/div><\/div>\n\n\n\n<div class=\"wp-block-uagb-container uagb-block-d5971175 alignfull uagb-is-root-container\"><div class=\"uagb-container-inner-blocks-wrap\">\n<div class=\"wp-block-uagb-container uagb-block-a0df0e62\">\n<div class=\"wp-block-uagb-advanced-heading uagb-block-623c373f\"><h3 class=\"uagb-heading-text\">&nbsp;\u00bfQu\u00e9 hacemos en Creatividad y Producci\u00f3n?<\/h3><\/div>\n\n\n\n<p class=\"has-ast-global-color-0-color has-text-color has-link-color has-medium-font-size wp-elements-c107f0b61b68061b678ce94c6c3b69a7\">Tomamos la estrategia de marca y la convertimos en <strong>im\u00e1genes, textos y piezas reales<\/strong> que la gente ve: identidad visual, materiales impresos, contenidos digitales, video, foto y sitios web sencillos pero funcionales.<\/p>\n\n\n\n<p class=\"has-ast-global-color-0-color has-text-color has-link-color has-medium-font-size wp-elements-de35f4d163cc6914d4fe28ee3ab4f1ed\">Trabajamos todo desde el mismo equipo para que:<\/p>\n\n\n\n<ul class=\"wp-block-list\">\n<li class=\"has-ast-global-color-0-color has-text-color has-link-color has-medium-font-size wp-elements-20653b71ea59ea884a3b5b9fd52690f2\">Tu marca se vea igual de profesional en redes, en tu local y en tu papeler\u00eda.<\/li>\n\n\n\n<li class=\"has-ast-global-color-0-color has-text-color has-link-color has-medium-font-size wp-elements-abc647e51ec18af974add2df89599e21\">No tengas que explicar lo mismo a varios proveedores.<\/li>\n\n\n\n<li class=\"has-ast-global-color-0-color has-text-color has-link-color has-medium-font-size wp-elements-47ec38cdecfa830ea5b1cf4366c08260\">Cada pieza siga la misma l\u00ednea y no parezca de negocios diferentes.<\/li>\n<\/ul>\n<\/div>\n\n\n\n<div class=\"wp-block-uagb-container uagb-block-9bafa0c3\">\n<div class=\"wp-block-uagb-image uagb-block-8cb9b3c1 wp-block-uagb-image--layout-default wp-block-uagb-image--effect-static wp-block-uagb-image--align-none\"><figure class=\"wp-block-uagb-image__figure\"><img decoding=\"async\" srcset=\"https:\/\/ideasalcubo.com.mx\/wp-content\/uploads\/2025\/11\/download-5.png ,https:\/\/ideasalcubo.com.mx\/wp-content\/uploads\/2025\/11\/download-5.png 780w, https:\/\/ideasalcubo.com.mx\/wp-content\/uploads\/2025\/11\/download-5.png 360w\" sizes=\"auto, (max-width: 480px) 150px\" src=\"https:\/\/ideasalcubo.com.mx\/wp-content\/uploads\/2025\/11\/download-5.png\" alt=\"\" class=\"uag-image-2198\" width=\"1024\" height=\"1024\" title=\"download (5)\" loading=\"lazy\" role=\"img\"\/><\/figure><\/div>\n<\/div>\n<\/div><\/div>\n\n\n\n<p><\/p>","protected":false},"excerpt":{"rendered":"<p>Cuando una marca ya tiene clara su estrategia, el siguiente paso es verse y sonar profesional. Ah\u00ed es donde muchos [&hellip;]<\/p>\n","protected":false},"author":1,"featured_media":0,"parent":0,"menu_order":0,"comment_status":"closed","ping_status":"closed","template":"","meta":{"content-type":"","_uag_custom_page_level_css":"","site-sidebar-layout":"default","site-content-layout":"","ast-site-content-layout":"default","site-content-style":"default","site-sidebar-style":"default","ast-global-header-display":"","ast-banner-title-visibility":"","ast-main-header-display":"","ast-hfb-above-header-display":"","ast-hfb-below-header-display":"","ast-hfb-mobile-header-display":"","site-post-title":"disabled","ast-breadcrumbs-content":"","ast-featured-img":"","footer-sml-layout":"","ast-disable-related-posts":"","theme-transparent-header-meta":"","adv-header-id-meta":"","stick-header-meta":"","header-above-stick-meta":"","header-main-stick-meta":"","header-below-stick-meta":"","astra-migrate-meta-layouts":"set","ast-page-background-enabled":"default","ast-page-background-meta":{"desktop":{"background-color":"var(--ast-global-color-4)","background-image":"","background-repeat":"repeat","background-position":"center center","background-size":"auto","background-attachment":"scroll","background-type":"","background-media":"","overlay-type":"","overlay-color":"","overlay-opacity":"","overlay-gradient":""},"tablet":{"background-color":"","background-image":"","background-repeat":"repeat","background-position":"center center","background-size":"auto","background-attachment":"scroll","background-type":"","background-media":"","overlay-type":"","overlay-color":"","overlay-opacity":"","overlay-gradient":""},"mobile":{"background-color":"","background-image":"","background-repeat":"repeat","background-position":"center center","background-size":"auto","background-attachment":"scroll","background-type":"","background-media":"","overlay-type":"","overlay-color":"","overlay-opacity":"","overlay-gradient":""}},"ast-content-background-meta":{"desktop":{"background-color":"var(--ast-global-color-5)","background-image":"","background-repeat":"repeat","background-position":"center center","background-size":"auto","background-attachment":"scroll","background-type":"","background-media":"","overlay-type":"","overlay-color":"","overlay-opacity":"","overlay-gradient":""},"tablet":{"background-color":"var(--ast-global-color-5)","background-image":"","background-repeat":"repeat","background-position":"center center","background-size":"auto","background-attachment":"scroll","background-type":"","background-media":"","overlay-type":"","overlay-color":"","overlay-opacity":"","overlay-gradient":""},"mobile":{"background-color":"var(--ast-global-color-5)","background-image":"","background-repeat":"repeat","background-position":"center center","background-size":"auto","background-attachment":"scroll","background-type":"","background-media":"","overlay-type":"","overlay-color":"","overlay-opacity":"","overlay-gradient":""}},"footnotes":""},"class_list":["post-1969","page","type-page","status-publish","hentry"],"aioseo_notices":[],"_hostinger_reach_plugin_has_subscription_block":false,"_hostinger_reach_plugin_is_elementor":false,"uagb_featured_image_src":{"full":false,"thumbnail":false,"medium":false,"medium_large":false,"large":false,"1536x1536":false,"2048x2048":false,"trp-custom-language-flag":false},"uagb_author_info":{"display_name":"yairvaldo14@gmail.com","author_link":"https:\/\/ideasalcubo.com.mx\/en\/author\/yairvaldo14gmail-com\/"},"uagb_comment_info":0,"uagb_excerpt":"Cuando una marca ya tiene clara su estrategia, el siguiente paso es verse y sonar profesional. Ah\u00ed es donde muchos [&hellip;]","_links":{"self":[{"href":"https:\/\/ideasalcubo.com.mx\/en\/wp-json\/wp\/v2\/pages\/1969","targetHints":{"allow":["GET"]}}],"collection":[{"href":"https:\/\/ideasalcubo.com.mx\/en\/wp-json\/wp\/v2\/pages"}],"about":[{"href":"https:\/\/ideasalcubo.com.mx\/en\/wp-json\/wp\/v2\/types\/page"}],"author":[{"embeddable":true,"href":"https:\/\/ideasalcubo.com.mx\/en\/wp-json\/wp\/v2\/users\/1"}],"replies":[{"embeddable":true,"href":"https:\/\/ideasalcubo.com.mx\/en\/wp-json\/wp\/v2\/comments?post=1969"}],"version-history":[{"count":10,"href":"https:\/\/ideasalcubo.com.mx\/en\/wp-json\/wp\/v2\/pages\/1969\/revisions"}],"predecessor-version":[{"id":2886,"href":"https:\/\/ideasalcubo.com.mx\/en\/wp-json\/wp\/v2\/pages\/1969\/revisions\/2886"}],"wp:attachment":[{"href":"https:\/\/ideasalcubo.com.mx\/en\/wp-json\/wp\/v2\/media?parent=1969"}],"curies":[{"name":"wp","href":"https:\/\/api.w.org\/{rel}","templated":true}]}}